{"id":4888,"date":"2024-07-31T09:00:20","date_gmt":"2024-07-31T07:00:20","guid":{"rendered":"https:\/\/coi.opolskie.pl\/inwestycja-infokiosk-pl-w-zawadzie\/"},"modified":"2024-07-31T09:05:03","modified_gmt":"2024-07-31T07:05:03","slug":"inwestycja-infokiosk-pl-w-zawadzie","status":"publish","type":"page","link":"https:\/\/coi.opolskie.pl\/en\/inwestycja-infokiosk-pl-w-zawadzie\/","title":{"rendered":"Inwestycja Infokiosk.pl w Zawadzie"},"content":{"rendered":"<div class=\"xdj266r x11i5rnm xat24cr x1mh8g0r x1vvkbs x126k92a\">\n<div dir=\"auto\">\n<p><a href=\"https:\/\/coi.opolskie.pl\/wp-content\/uploads\/2024\/07\/logo_infokiosk.jpg\"><img loading=\"lazy\" decoding=\"async\" class=\"wp-image-4876 alignleft\" src=\"https:\/\/coi.opolskie.pl\/wp-content\/uploads\/2024\/07\/logo_infokiosk-300x97.jpg\" alt=\"logo infokiosk\" width=\"121\" height=\"39\" \/><\/a><span class=\"html-span xdj266r x11i5rnm xat24cr x1mh8g0r xexx8yu x4uap5 x18d9i69 xkhd6sd x1hl2dhg x16tdsg8 x1vvkbs\"><a class=\"x1i10hfl xjbqb8w x1ejq31n xd10rxx x1sy0etr x17r0tee x972fbf xcfux6l x1qhh985 xm0m39n x9f619 x1ypdohk xt0psk2 xe8uvvx xdj266r x11i5rnm xat24cr x1mh8g0r xexx8yu x4uap5 x18d9i69 xkhd6sd x16tdsg8 x1hl2dhg xggy1nq x1a2a7pz x1sur9pj xkrqix3 x1fey0fg xo1l8bm\" tabindex=\"0\" role=\"link\" href=\"https:\/\/www.facebook.com\/profile.php?id=61561778374899&amp;__cft__[0]=AZXUI2cz9IYkj3n0oYs8a7zcJKiC34tqU3aEYlSexUtFhd9fmlj3bnZhobs_hGixhpK9M619iotWXET_RO3Vf0cyovtqJpJbQqqw7zNxFTcuMtBKGa80kxb258KKMkMEg8wG7XonHkUJ4PEnYsujxGEEqXByvDXcuZPSTs0MRFwYQ6aV9VR1Bq8-5V20emmS4BZvUan9VAoffhmyKCcSWE13&amp;__tn__=-]K-R\"><span class=\"xt0psk2\">Infokiosk.pl<\/span><\/a><\/span> do\u0142\u0105cza do WSSE &#8220;INVEST-PARK&#8221;. Firma z opolskiej Zawady &#8211; Power Products Polska Sp. z o.o. otrzyma\u0142a decyzj\u0119 o wsparciu inwestycji w wysoko\u015bci 1,71 mln z\u0142otych.\u00a0 I<span class=\"html-span xdj266r x11i5rnm xat24cr x1mh8g0r xexx8yu x4uap5 x18d9i69 xkhd6sd x1hl2dhg x16tdsg8 x1vvkbs\"><span class=\"xt0psk2\">nfokiosk.pl<\/span><\/span> tworzy multimedialne stanowiska, kt\u00f3re mo\u017cna spotka\u0107 w urz\u0119dach, szko\u0142ach czy na dworcach. W galeriach handlowych wskazuj\u0105 one poszukiwany sklep, a w muzeach s\u0105 pomoc\u0105 dydaktyczn\u0105 w przekazywaniu wiedzy poprzez zabaw\u0119 i interaktywne zadania. Dzi\u0119ki temu, \u017ce firma wytwarza autorskie oprogramowanie, mo\u017cliwo\u015bci s\u0105 niemal nieograniczone.<\/p>\n<\/div>\n<div dir=\"auto\"><a href=\"https:\/\/coi.opolskie.pl\/wp-content\/uploads\/2024\/07\/stojak-strona-glowna3-550x568-1.webp\"><img loading=\"lazy\" decoding=\"async\" class=\"wp-image-4879 aligncenter\" src=\"https:\/\/coi.opolskie.pl\/wp-content\/uploads\/2024\/07\/stojak-strona-glowna3-550x568-1-290x300.webp\" alt=\"stojak strona glowna3 550x568\" width=\"139\" height=\"143\" srcset=\"https:\/\/coi.opolskie.pl\/wp-content\/uploads\/2024\/07\/stojak-strona-glowna3-550x568-1-290x300.webp 290w, https:\/\/coi.opolskie.pl\/wp-content\/uploads\/2024\/07\/stojak-strona-glowna3-550x568-1.webp 550w\" sizes=\"auto, (max-width: 139px) 100vw, 139px\" \/><\/a><\/div>\n<\/div>\n","protected":false},"excerpt":{"rendered":"<p>Infokiosk.pl do\u0142\u0105cza do WSSE &#8220;INVEST-PARK&#8221;. Firma z opolskiej Zawady &#8211; Power Products Polska Sp. z o.o. otrzyma\u0142a decyzj\u0119 o wsparciu [&hellip;]<\/p>\n","protected":false},"author":9,"featured_media":4877,"parent":0,"menu_order":0,"comment_status":"closed","ping_status":"closed","template":"","meta":{"_acf_changed":false,"_seopress_robots_primary_cat":"","_seopress_titles_title":"","_seopress_titles_desc":"","_seopress_robots_index":"","_seopress_analysis_target_kw":"","footnotes":""},"class_list":["post-4888","page","type-page","status-publish","has-post-thumbnail","hentry"],"acf":[],"_links":{"self":[{"href":"https:\/\/coi.opolskie.pl\/en\/wp-json\/wp\/v2\/pages\/4888","targetHints":{"allow":["GET"]}}],"collection":[{"href":"https:\/\/coi.opolskie.pl\/en\/wp-json\/wp\/v2\/pages"}],"about":[{"href":"https:\/\/coi.opolskie.pl\/en\/wp-json\/wp\/v2\/types\/page"}],"author":[{"embeddable":true,"href":"https:\/\/coi.opolskie.pl\/en\/wp-json\/wp\/v2\/users\/9"}],"replies":[{"embeddable":true,"href":"https:\/\/coi.opolskie.pl\/en\/wp-json\/wp\/v2\/comments?post=4888"}],"version-history":[{"count":1,"href":"https:\/\/coi.opolskie.pl\/en\/wp-json\/wp\/v2\/pages\/4888\/revisions"}],"predecessor-version":[{"id":4890,"href":"https:\/\/coi.opolskie.pl\/en\/wp-json\/wp\/v2\/pages\/4888\/revisions\/4890"}],"wp:featuredmedia":[{"embeddable":true,"href":"https:\/\/coi.opolskie.pl\/en\/wp-json\/wp\/v2\/media\/4877"}],"wp:attachment":[{"href":"https:\/\/coi.opolskie.pl\/en\/wp-json\/wp\/v2\/media?parent=4888"}],"curies":[{"name":"wp","href":"https:\/\/api.w.org\/{rel}","templated":true}]}}