{"id":217,"date":"2015-11-02T12:07:58","date_gmt":"2015-11-02T11:07:58","guid":{"rendered":"http:\/\/dev3.gis-support.pl\/?page_id=217&#038;lang=en"},"modified":"2023-05-10T10:46:10","modified_gmt":"2023-05-10T08:46:10","slug":"contact","status":"publish","type":"page","link":"https:\/\/coi.opolskie.pl\/en\/contact\/","title":{"rendered":"Contact"},"content":{"rendered":"<p><strong>INVESTOR AND EXPORTER ASSISTANCE CENTRE<\/strong><br \/>\n<strong>OPOLSKIE CENTRE FOR ECONOMY DEVELOPMENT<\/strong><\/p>\n<p>45-075 Opole, Krakowska 38<br \/>\nBusiness Hours:\u00a0Monday &#8211;\u00a0Friday 7:30 &#8211; 15:30<\/p>\n<p><a href=\"mailto:invest@ocrg.opolskie.pl\">invest@ocrg.opolskie.pl <\/a><\/p>\n<p><strong>Magdalena Mo\u017cd\u017ce\u0144<\/strong><br \/>\nManager of the Investor and Exporter Assistance Centre<br \/>\nTel.: +48\/77 40 33 648<br \/>\nMobile: +48 515 214 658<br \/>\nEmail: <a href=\"mailto:m.mozdzen@ocrg.opolskie.pl\">m.mozdzen@ocrg.opolskie.pl<\/a><\/p>\n<p><strong>Piotr Rege\u0144czuk <\/strong>(FDI)<strong><br \/>\n<\/strong>Deputy Manager of the Investor and Exporter Assistance Centre<br \/>\nTel.: +48\/ 77 40 33\u00a0648<br \/>\nMobil: +48 533 314 428<br \/>\nEmail: <a href=\"mailto:p.regenczuk@ocrg.opolskie.pl\">p.regenczuk@ocrg.opolskie.pl<\/a><br \/>\n<strong>Joanna M\u0105czko<\/strong><br \/>\nChief Specialist<br \/>\nTel. +48 \/77 4033646<br \/>\nMobil: +48 603\u00a0790 310<br \/>\ne-mail: <a href=\"mailto:j.maczko@ocrg.opolskie.pl\">j.maczko@ocrg.opolskie.pl<\/a><\/p>\n<p><strong>Iwona Hemon<\/strong><br \/>\nChief Specialist<br \/>\nTel. +48 \/77 4033645<br \/>\ne-mail:<a href=\"mailto:i.hemon@ocrg.opolskie.pl\"> i.hemon@ocrg.opolskie.pl <\/a><\/p>\n<p><strong>Katarzyna Wa\u0142ach-G\u0142ogiewicz<\/strong><br \/>\nSpecialist<br \/>\ntel. +48\/77 4033645<br \/>\nMobil: +48 605\u00a0640 013<br \/>\nEmail: <a href=\"mailto:k.glogiewicz@ocrg.opolskie.pl\">k.glogiewicz@ocrg.opolskie.pl<\/a><\/p>\n<p><strong>Milena Go\u0142\u0105bek<\/strong><br \/>\nSenior Specialist<br \/>\ntel. +48 \/ 774033646<br \/>\ntel.kom.: +48 451 060 403<br \/>\nE-mail: <a href=\"mailto:m.golabek@ocrg.opolskie.pl\">m.golabek@ocrg.opolskie.pl<\/a><\/p>\n<p>&nbsp;<\/p>\n","protected":false},"excerpt":{"rendered":"<p>INVESTOR AND EXPORTER ASSISTANCE CENTRE OPOLSKIE CENTRE FOR ECONOMY DEVELOPMENT 45-075 Opole, Krakowska 38 Business Hours:\u00a0Monday &#8211;\u00a0Friday 7:30 &#8211; 15:30 [&hellip;]<\/p>\n","protected":false},"author":1,"featured_media":0,"parent":0,"menu_order":0,"comment_status":"closed","ping_status":"closed","template":"sub-page-sidebar.php","meta":{"_acf_changed":false,"_seopress_robots_primary_cat":"","_seopress_titles_title":"","_seopress_titles_desc":"","_seopress_robots_index":"","_seopress_analysis_target_kw":"","footnotes":""},"class_list":["post-217","page","type-page","status-publish","hentry"],"acf":[],"_links":{"self":[{"href":"https:\/\/coi.opolskie.pl\/en\/wp-json\/wp\/v2\/pages\/217","targetHints":{"allow":["GET"]}}],"collection":[{"href":"https:\/\/coi.opolskie.pl\/en\/wp-json\/wp\/v2\/pages"}],"about":[{"href":"https:\/\/coi.opolskie.pl\/en\/wp-json\/wp\/v2\/types\/page"}],"author":[{"embeddable":true,"href":"https:\/\/coi.opolskie.pl\/en\/wp-json\/wp\/v2\/users\/1"}],"replies":[{"embeddable":true,"href":"https:\/\/coi.opolskie.pl\/en\/wp-json\/wp\/v2\/comments?post=217"}],"version-history":[{"count":27,"href":"https:\/\/coi.opolskie.pl\/en\/wp-json\/wp\/v2\/pages\/217\/revisions"}],"predecessor-version":[{"id":4153,"href":"https:\/\/coi.opolskie.pl\/en\/wp-json\/wp\/v2\/pages\/217\/revisions\/4153"}],"wp:attachment":[{"href":"https:\/\/coi.opolskie.pl\/en\/wp-json\/wp\/v2\/media?parent=217"}],"curies":[{"name":"wp","href":"https:\/\/api.w.org\/{rel}","templated":true}]}}