{"id":194,"date":"2015-11-02T11:41:50","date_gmt":"2015-11-02T10:41:50","guid":{"rendered":"http:\/\/dev3.gis-support.pl\/?page_id=194&#038;lang=en"},"modified":"2022-06-21T11:44:18","modified_gmt":"2022-06-21T09:44:18","slug":"special-economic-zones","status":"publish","type":"page","link":"https:\/\/coi.opolskie.pl\/en\/special-economic-zones\/","title":{"rendered":"Special Economic Zones &#8211; investment incentives"},"content":{"rendered":"<p><strong>A Special Economic Zone (SEZ) &#8211; The act of 10th May 2018 amends the instruments of CIT or PIT tax relief, a form of regional public aid. The major difference introduced is that the tax relief is now available across the entire territory of Poland, for companies carrying out new investments, on publicly as well as privately owned properties. However, the currently biding Special Economic Zone (SEZ) permits, already granted to investors within the old SEZs shall remain in force until 2026.<\/strong><\/p>\n<p><strong>The maximum operating time in the SEZ is 12 years for areas not yet covered by the SEZ status and 15 years in the areas included in the Zone in previous years.<\/strong><\/p>\n<p><span id=\"source-is\" class=\"goog-textarea short_text\" dir=\"ltr\" lang=\"en\" spellcheck=\"false\"><span class=\"\">In the Opolskie voivodeship are 2 sub-zones of Special Economic Zones: Wa\u0142brzych and Katowice Special Economic Zone. <\/span><\/span><br \/>\n<span id=\"result_box\" class=\"\" lang=\"en\"><\/span><\/p>\n<p>If an entrepreneur decides to invest in one of the SEZs, their income from business activities conducted in that area shall be <strong>exempt from income tax <\/strong>(CIT \u2014 corporate income tax, or PIT \u2014 personal income tax, depending on the type of business).<\/p>\n<p><strong>Apart from tax exemptions, entrepreneurs investing in SEZs enjoy the following privileges:<\/strong><\/p>\n<ul>\n<li>a plot of land, fully prepared for investment, at a competitive price,<\/li>\n<li>free assistance in completing the formalities related to the investment,<\/li>\n<li>exemption from property tax (in some municipalities).<\/li>\n<\/ul>\n<p>Income tax exemptions granted in SEZs constitute the so-called <strong>regional public aid<\/strong>, which serves to accelerate the development of the least-developed regions of the EU by supporting new investments and creating new jobs related to these investments.<\/p>\n<p>Only the income obtained from the business activity carried out as part of the investment covered by the support decision can be granted the relief. Therefore, if an entrepreneur simultaneously carries out activities not subject to support, the activities covered by support should be separated, and the amount of the exemption will be determined on the basis of data (revenues and costs) of the separated activity.<\/p>\n<p><strong>The decision on support is issued due to the implementation of a new investment that meets certain quantitative and qualitative criteria.<\/strong><\/p>\n<ul>\n<li>Quantitative criteria (the minimum amount of eligible costs) depend on the unemployment rate in the poviat in which the investment will be implemented (the higher the unemployment rate, the lower the ceiling for the required amount of costs) and the size of the enterprise. Preferences have also been granted to entrepreneurs conducting research and development activities and in the modern business services sector.<\/li>\n<li>Qualitative criteria are investment compliance with the current national development policy, level of foreign sales, R&amp;D activity, size of the company, belonging to a key cluster, low negative impact on the environment, support in acquiring education, caring for employees, creating good quality jobs, location in cities losing their socio-economic functions (e.g. Brzeg, K\u0119dzierzyn-Ko\u017ale, Kluczbork, Krapkowice, Namys\u0142\u00f3w, Nysa, Prudnik, Strzelce Opolskie and municipalities bordering these cities).<\/li>\n<\/ul>\n<p><strong>The eligible costs of the new investment, according to the state aid regulations are:<\/strong><\/p>\n<ul>\n<li>the cost of purchasing land, the cost of purchasing, extending or modernizing fixed assets (e.g. machinery), the cost of acquiring intangible assets (computer programs, licenses, certificates, etc.), or<\/li>\n<li>2 &#8211; year labor costs of newly hired employees.<\/li>\n<\/ul>\n<p>&nbsp;<\/p>\n<p><strong>In the Opolskie Voivodeship, entrepreneurs can count on dismissal at the level of:<\/strong><\/p>\n<p><strong>40% &#8211; large companies<\/strong><\/p>\n<p><strong>50% &#8211; medium companies<\/strong><\/p>\n<p><strong>60% &#8211; micro and small companies<\/strong><\/p>\n<p><em>[Since January 2022 level will increse to 40 %.]<\/em><\/p>\n<p><strong>Exemptions from property tax<\/strong><\/p>\n<p><strong>One of the main incentives available for businesses in municipalities is exemption from local taxes and fees. The Act of 12 January 1991 on local taxes and charges (the \u201cAct\u201d) empowers municipal councils to determine the tax rates and the basic exemptions from fees and taxes.\u00a0Exemption form property tax is of prime importance for entrepreneurs.<\/strong><\/p>\n<p><strong>Subject of property tax<\/strong><\/p>\n<p>Property tax applies to:<\/p>\n<ol>\n<li>land,<\/li>\n<li>buildings or their parts,<\/li>\n<li>structures or their parts connected with conducting business activities.<\/li>\n<\/ol>\n<p>&nbsp;<\/p>\n<p><strong>Exemption form property tax under the\u00a0<em>de minimis\u00a0<\/em>rule<\/strong><\/p>\n<p>The municipal council may introduce tax exemption in the form of a resolution which constitutes an aid programme with the use of solutions based on the EU regulations on\u00a0<em>de minimis\u00a0<\/em>aid, whereby the aid is exempt from the notification requirement; however, the draft resolution must be communicated to the President of the Office of Competition and Consumer Protection (OCCP).<\/p>\n<p>The basic legal act regulating the\u00a0<em>de minimis<\/em>\u00a0aid is the Commission Regulation (EC) No 1998\/2006 of 15 December 2006. On the application of Art. 87 and 88 of the Treaty on\u00a0<em>de minimis\u00a0<\/em>aid (Official Journal of the EU L.06.379.5), which allows this kind of aid to be granted also in the road transport sector.<\/p>\n<p><strong>Ceiling of the\u00a0<em>de minimis\u00a0<\/em>aid<\/strong><\/p>\n<p>This regulation determines the ceiling of the\u00a0<em>de minimis\u00a0<\/em>aid at the level of 200 thousand euro or 100 thousand euro in the road transport sector for a single economic entity for three consecutive financial years. This aid is calculated by adding the aid obtained in the current year and the two preceding years, where the total cannot exceed 200 thousand euro (100 thousand euro in the road transport sector).<\/p>\n<p>&nbsp;<\/p>\n<p><strong>EU funds 2021-2027 &#8211; in the process of developing new programs<br \/>\n<\/strong><\/p>\n<p>&nbsp;<\/p>\n","protected":false},"excerpt":{"rendered":"<p>A Special Economic Zone (SEZ) &#8211; The act of 10th May 2018 amends the instruments of CIT or PIT tax [&hellip;]<\/p>\n","protected":false},"author":1,"featured_media":0,"parent":0,"menu_order":0,"comment_status":"closed","ping_status":"closed","template":"sub-page-sidebar.php","meta":{"_acf_changed":false,"_seopress_robots_primary_cat":"","_seopress_titles_title":"","_seopress_titles_desc":"","_seopress_robots_index":"","_seopress_analysis_target_kw":"","footnotes":""},"class_list":["post-194","page","type-page","status-publish","hentry"],"acf":[],"_links":{"self":[{"href":"https:\/\/coi.opolskie.pl\/en\/wp-json\/wp\/v2\/pages\/194","targetHints":{"allow":["GET"]}}],"collection":[{"href":"https:\/\/coi.opolskie.pl\/en\/wp-json\/wp\/v2\/pages"}],"about":[{"href":"https:\/\/coi.opolskie.pl\/en\/wp-json\/wp\/v2\/types\/page"}],"author":[{"embeddable":true,"href":"https:\/\/coi.opolskie.pl\/en\/wp-json\/wp\/v2\/users\/1"}],"replies":[{"embeddable":true,"href":"https:\/\/coi.opolskie.pl\/en\/wp-json\/wp\/v2\/comments?post=194"}],"version-history":[{"count":22,"href":"https:\/\/coi.opolskie.pl\/en\/wp-json\/wp\/v2\/pages\/194\/revisions"}],"predecessor-version":[{"id":3847,"href":"https:\/\/coi.opolskie.pl\/en\/wp-json\/wp\/v2\/pages\/194\/revisions\/3847"}],"wp:attachment":[{"href":"https:\/\/coi.opolskie.pl\/en\/wp-json\/wp\/v2\/media?parent=194"}],"curies":[{"name":"wp","href":"https:\/\/api.w.org\/{rel}","templated":true}]}}