{"id":184,"date":"2015-11-02T11:36:25","date_gmt":"2015-11-02T10:36:25","guid":{"rendered":"http:\/\/dev3.gis-support.pl\/?page_id=184&#038;lang=en"},"modified":"2017-10-27T11:07:36","modified_gmt":"2017-10-27T09:07:36","slug":"technical-infrastructure","status":"publish","type":"page","link":"https:\/\/coi.opolskie.pl\/en\/technical-infrastructure\/","title":{"rendered":"Technical Infrastructure"},"content":{"rendered":"<p><strong>Road Transport<\/strong><\/p>\n<p>The Opolskie Region has one of the best road networks in Poland. The A4 Motorway is the most important transport axis of the entire region, as it forms a key element of the Berlin \u2014 Kiev pan-European transport corridor, and in the future, Brussels \u2014 Rostov-on-Don. This motorway is a crucial element of the transport system in the southern Poland, which accumulates the highest volumes of goods and passenger flow. At the same time, it ensures efficient communication, while the areas located in its immediate vicinity are extremely attractive from the point of view of potential investors. They are clustered by 6 motorway junctions.<br \/>\nThe region has excellent accessibility to both the existing and designed sections of the A1 Motorway (Ostrava-Gda\u0144sk) and S11 and S8 Expressways.<\/p>\n<p><strong>Rail Transport<\/strong><\/p>\n<p>The rail network in the Opolskie Region is twice as dense as in the other parts of Poland. The entire region is criss-crossed by railway lines of crucial importance for both domestic and international transport (Dresden \u2014 Moscow, Malmo \u2014 Cha\u0142upki). New modernisations shortened the time needed to reach Wroc\u0142aw (40 minutes) and Warsaw (3 hours) from Opole. Further expansion and modernisation of railway lines is planned, which allows transporting greater volumes of passengers and goods at higher speed. In the region exist many railway sidings.<\/p>\n<p><strong>Air Transport<\/strong><\/p>\n<p>There are 4 international airports within 1-2 hours\u2019 drive from the centre of Opole. In case of most investment sites, the time needed to reach an airport is less than an hour.<\/p>\n<p>The closest passenger airports:<\/p>\n<p>Wroc\u0142aw (WRO) \u2014 100 km from Opole, 1 h travel time, 1.7 million passengers\/year, 28 destinations \u2014 www.airport.wroclaw.pl<\/p>\n<p>Katowice (KTW) \u2014 100 km from Opole, 1,5 h travel time, 2.4 million passengers\/year, 35 destinations \u2014 www.katowice-airport.com<\/p>\n<p>Krak\u00f3w (KRK) \u2014 170 km from Opole, 2 h travel time, 2.9 million passengers\/year, 53 destinations \u2014 www.krakowairport.pl<\/p>\n<p>Ostrava (OSR) \u2014 120 km from Opole, 2 h travel time, 0.3 million passengers\/year, 6 destinations \u2014 www.airport-ostrava.cz<\/p>\n<p>Private airfields\/landing strips: Kamie\u0144 \u015al\u0105ski [www.opole.airport.aero] , Opole Aero Club \u2014 Polska Nowa Wie\u015b and Nysa airfield.<\/p>\n<p><strong>Waterway Transport<\/strong><\/p>\n<p>The Odra River is a natural line of communication, which runs parallel to the A4 Motorway. Soon it should become an international inland waterway. This waterway, which provides ample opportunities for the region, runs across the Opolskie Region from the port in Ko\u017ale in the south of the region to Lipki at the border with the Lower Silesia Province. The K\u0119dzierzyn Canal and the Gliwice Canal also play an important role in water transport. The largest port is located in K\u0119dzierzyn-Ko\u017ale. There are ongoing works intended to make the Odra River more passable and sailable.<\/p>\n<style type=\"text\/css\">\n#foogallery-gallery-328 .fg-image { width: 170px; }\n#foogallery-gallery-328 { --fg-gutter: 10px; }<\/style>\n\t\t\t<div class=\"foogallery foogallery-container foogallery-default foogallery-lightbox-foobox fg-center fg-default fg-ready fg-light fg-border-thin fg-shadow-small fg-loading-default fg-loaded-fade-in fg-hover-fade fg-hover-zoom\" id=\"foogallery-gallery-328\" data-foogallery=\"{&quot;item&quot;:{&quot;showCaptionTitle&quot;:false,&quot;showCaptionDescription&quot;:false},&quot;lazy&quot;:true}\" style=\"--fg-title-line-clamp: 0; --fg-description-line-clamp: 0;\" >\n\t<div class=\"fg-item fg-type-image fg-idle\"><figure class=\"fg-item-inner\"><a href=\"https:\/\/coi.opolskie.pl\/wp-content\/uploads\/2015\/11\/PICT0142.jpg\" data-caption-title=\"KONICA MINOLTA DIGITAL CAMERA\" data-attachment-id=\"3914\" data-type=\"image\" class=\"fg-thumb\"><span class=\"fg-image-wrap\"><img decoding=\"async\" alt=\"Opole z lotu ptaka widok na rzek\u0119 Odr\u0119 oraz Kana\u0142 Ulgi\" title=\"KONICA MINOLTA DIGITAL CAMERA\" width=\"170\" height=\"170\" class=\"skip-lazy fg-image\" data-src-fg=\"https:\/\/coi.opolskie.pl\/wp-content\/uploads\/cache\/2015\/11\/PICT0142\/1721743121.jpg\" src=\"data:image\/svg+xml,%3Csvg%20xmlns%3D%22http%3A%2F%2Fwww.w3.org%2F2000%2Fsvg%22%20width%3D%22170%22%20height%3D%22170%22%20viewBox%3D%220%200%20170%20170%22%3E%3C%2Fsvg%3E\" loading=\"eager\"><\/span><span class=\"fg-image-overlay\"><\/span><\/a><\/figure><div class=\"fg-loader\"><\/div><\/div><div class=\"fg-item fg-type-image fg-idle\"><figure class=\"fg-item-inner\"><a href=\"https:\/\/coi.opolskie.pl\/wp-content\/uploads\/2015\/11\/DSC_0784-kopia.jpg\" data-attachment-id=\"3916\" data-type=\"image\" class=\"fg-thumb\"><span class=\"fg-image-wrap\"><img decoding=\"async\" alt=\"Autostrada A4 - widok zjazdu oraz 4 g\u0142\u00f3wnych pas\u00f3w\" width=\"170\" height=\"170\" class=\"skip-lazy fg-image\" data-src-fg=\"https:\/\/coi.opolskie.pl\/wp-content\/uploads\/cache\/2015\/11\/DSC_0784-kopia\/3512624000.jpg\" src=\"data:image\/svg+xml,%3Csvg%20xmlns%3D%22http%3A%2F%2Fwww.w3.org%2F2000%2Fsvg%22%20width%3D%22170%22%20height%3D%22170%22%20viewBox%3D%220%200%20170%20170%22%3E%3C%2Fsvg%3E\" loading=\"eager\"><\/span><span class=\"fg-image-overlay\"><\/span><\/a><\/figure><div class=\"fg-loader\"><\/div><\/div><div class=\"fg-item fg-type-image fg-idle\"><figure class=\"fg-item-inner\"><a href=\"https:\/\/coi.opolskie.pl\/wp-content\/uploads\/2015\/11\/IMG_6598-kopia.jpg\" data-attachment-id=\"3918\" data-type=\"image\" class=\"fg-thumb\"><span class=\"fg-image-wrap\"><img decoding=\"async\" alt=\"Autostrada A4 - widok zjazdu oraz 4 g\u0142\u00f3wnych pas\u00f3w\" width=\"170\" height=\"170\" class=\"skip-lazy fg-image\" data-src-fg=\"https:\/\/coi.opolskie.pl\/wp-content\/uploads\/cache\/2015\/11\/IMG_6598-kopia\/1890489681.jpg\" src=\"data:image\/svg+xml,%3Csvg%20xmlns%3D%22http%3A%2F%2Fwww.w3.org%2F2000%2Fsvg%22%20width%3D%22170%22%20height%3D%22170%22%20viewBox%3D%220%200%20170%20170%22%3E%3C%2Fsvg%3E\" loading=\"eager\"><\/span><span class=\"fg-image-overlay\"><\/span><\/a><\/figure><div class=\"fg-loader\"><\/div><\/div><div class=\"fg-item fg-type-image fg-idle\"><figure class=\"fg-item-inner\"><a href=\"https:\/\/coi.opolskie.pl\/wp-content\/uploads\/2015\/11\/mapa-drogowa-blue.jpg\" data-attachment-id=\"3922\" data-type=\"image\" class=\"fg-thumb\"><span class=\"fg-image-wrap\"><img decoding=\"async\" alt=\"Mapa drogowa\" width=\"170\" height=\"170\" class=\"skip-lazy fg-image\" data-src-fg=\"https:\/\/coi.opolskie.pl\/wp-content\/uploads\/cache\/2015\/11\/mapa-drogowa-blue\/526906910.jpg\" src=\"data:image\/svg+xml,%3Csvg%20xmlns%3D%22http%3A%2F%2Fwww.w3.org%2F2000%2Fsvg%22%20width%3D%22170%22%20height%3D%22170%22%20viewBox%3D%220%200%20170%20170%22%3E%3C%2Fsvg%3E\" loading=\"eager\"><\/span><span class=\"fg-image-overlay\"><\/span><\/a><\/figure><div class=\"fg-loader\"><\/div><\/div><div class=\"fg-item fg-type-image fg-idle\"><figure class=\"fg-item-inner\"><a href=\"https:\/\/coi.opolskie.pl\/wp-content\/uploads\/2015\/11\/mapa.jpg\" data-attachment-id=\"3924\" data-type=\"image\" class=\"fg-thumb\"><span class=\"fg-image-wrap\"><img decoding=\"async\" alt=\"mapa\" width=\"170\" height=\"170\" class=\"skip-lazy fg-image\" data-src-fg=\"https:\/\/coi.opolskie.pl\/wp-content\/uploads\/cache\/2015\/11\/mapa\/402704465.jpg\" src=\"data:image\/svg+xml,%3Csvg%20xmlns%3D%22http%3A%2F%2Fwww.w3.org%2F2000%2Fsvg%22%20width%3D%22170%22%20height%3D%22170%22%20viewBox%3D%220%200%20170%20170%22%3E%3C%2Fsvg%3E\" loading=\"eager\"><\/span><span class=\"fg-image-overlay\"><\/span><\/a><\/figure><div class=\"fg-loader\"><\/div><\/div><\/div>\n\n","protected":false},"excerpt":{"rendered":"<p>Road Transport The Opolskie Region has one of the best road networks in Poland. The A4 Motorway is the most [&hellip;]<\/p>\n","protected":false},"author":1,"featured_media":0,"parent":0,"menu_order":0,"comment_status":"closed","ping_status":"closed","template":"sub-page-sidebar.php","meta":{"_acf_changed":false,"_seopress_robots_primary_cat":"","_seopress_titles_title":"","_seopress_titles_desc":"","_seopress_robots_index":"","_seopress_analysis_target_kw":"","footnotes":""},"class_list":["post-184","page","type-page","status-publish","hentry"],"acf":[],"_links":{"self":[{"href":"https:\/\/coi.opolskie.pl\/en\/wp-json\/wp\/v2\/pages\/184","targetHints":{"allow":["GET"]}}],"collection":[{"href":"https:\/\/coi.opolskie.pl\/en\/wp-json\/wp\/v2\/pages"}],"about":[{"href":"https:\/\/coi.opolskie.pl\/en\/wp-json\/wp\/v2\/types\/page"}],"author":[{"embeddable":true,"href":"https:\/\/coi.opolskie.pl\/en\/wp-json\/wp\/v2\/users\/1"}],"replies":[{"embeddable":true,"href":"https:\/\/coi.opolskie.pl\/en\/wp-json\/wp\/v2\/comments?post=184"}],"version-history":[{"count":8,"href":"https:\/\/coi.opolskie.pl\/en\/wp-json\/wp\/v2\/pages\/184\/revisions"}],"predecessor-version":[{"id":1675,"href":"https:\/\/coi.opolskie.pl\/en\/wp-json\/wp\/v2\/pages\/184\/revisions\/1675"}],"wp:attachment":[{"href":"https:\/\/coi.opolskie.pl\/en\/wp-json\/wp\/v2\/media?parent=184"}],"curies":[{"name":"wp","href":"https:\/\/api.w.org\/{rel}","templated":true}]}}