{"id":178,"date":"2015-11-02T11:32:51","date_gmt":"2015-11-02T10:32:51","guid":{"rendered":"http:\/\/dev3.gis-support.pl\/?page_id=178&#038;lang=en"},"modified":"2017-11-08T14:35:54","modified_gmt":"2017-11-08T13:35:54","slug":"location","status":"publish","type":"page","link":"https:\/\/coi.opolskie.pl\/en\/location\/","title":{"rendered":"Location"},"content":{"rendered":"<p>Favourable location along key lines of communication (Railway, road, Odra river) connecting Poland and Ukraine with France, Germany and the Benelux countries. Thanks to geographical proximity of the Czech Republic attractive communication with South of the Europe.<\/p>\n<p><strong>The A4 Motorway<\/strong>, running along the entire Region, is connected with a well-developed road network, the A1 Motorway \u2013 20 km. The S8 and S11 Expressways are also nearby.<\/p>\n<p><strong>Excellent rail network<\/strong>, including the East-West main railway line, intended for inclusion into the European System of Railway Transport. Proximity of the broad-gauge LHS railway line.<\/p>\n<p><strong>Inland waterways <\/strong>of international importance on the Oder River.<\/p>\n<p><strong>Seagoing Container Port <\/strong>\u2013 DCT Gda\u0144sk (550 km)<\/p>\n<p><strong>International Airports <\/strong>in Wroclaw, Katowice, Ostrava and Krak\u00f3w.<\/p>\n<p><strong>Private airfields\/landing strips <\/strong>for chartered flights in Kamie\u0144 Sl\u0105ski, Polska Nowa Wie\u015b and Nysa.<\/p>\n<p>&nbsp;<\/p>\n<p><a href=\"https:\/\/coi.opolskie.pl\/wp-content\/uploads\/2015\/11\/mapa.jpg\" target=\"_blank\"><img loading=\"lazy\" decoding=\"async\" class=\"alignnone wp-image-577 size-medium\" src=\"https:\/\/coi.opolskie.pl\/wp-content\/uploads\/2015\/11\/mapa-300x222.jpg\" alt=\"mapa\" width=\"300\" height=\"222\" srcset=\"https:\/\/coi.opolskie.pl\/wp-content\/uploads\/2015\/11\/mapa-300x222.jpg 300w, https:\/\/coi.opolskie.pl\/wp-content\/uploads\/2015\/11\/mapa.jpg 1024w\" sizes=\"auto, (max-width: 300px) 100vw, 300px\" \/><\/a><a href=\"https:\/\/coi.opolskie.pl\/wp-content\/uploads\/2015\/11\/mapa-drogowa-blue.jpg\" target=\"_blank\">\u00a0\u00a0\u00a0\u00a0\u00a0\u00a0\u00a0\u00a0\u00a0\u00a0\u00a0\u00a0\u00a0\u00a0\u00a0\u00a0\u00a0\u00a0\u00a0\u00a0 <img loading=\"lazy\" decoding=\"async\" class=\"alignnone wp-image-576\" src=\"https:\/\/coi.opolskie.pl\/wp-content\/uploads\/2015\/11\/mapa-drogowa-blue-277x300.jpg\" alt=\"\" width=\"207\" height=\"224\" srcset=\"https:\/\/coi.opolskie.pl\/wp-content\/uploads\/2015\/11\/mapa-drogowa-blue-277x300.jpg 277w, https:\/\/coi.opolskie.pl\/wp-content\/uploads\/2015\/11\/mapa-drogowa-blue.jpg 946w\" sizes=\"auto, (max-width: 207px) 100vw, 207px\" \/><\/a><\/p>\n","protected":false},"excerpt":{"rendered":"<p>Favourable location along key lines of communication (Railway, road, Odra river) connecting Poland and Ukraine with France, Germany and the [&hellip;]<\/p>\n","protected":false},"author":1,"featured_media":0,"parent":0,"menu_order":0,"comment_status":"closed","ping_status":"closed","template":"sub-page-sidebar.php","meta":{"_acf_changed":false,"_seopress_robots_primary_cat":"","_seopress_titles_title":"","_seopress_titles_desc":"","_seopress_robots_index":"","_seopress_analysis_target_kw":"","footnotes":""},"class_list":["post-178","page","type-page","status-publish","hentry"],"acf":[],"_links":{"self":[{"href":"https:\/\/coi.opolskie.pl\/en\/wp-json\/wp\/v2\/pages\/178","targetHints":{"allow":["GET"]}}],"collection":[{"href":"https:\/\/coi.opolskie.pl\/en\/wp-json\/wp\/v2\/pages"}],"about":[{"href":"https:\/\/coi.opolskie.pl\/en\/wp-json\/wp\/v2\/types\/page"}],"author":[{"embeddable":true,"href":"https:\/\/coi.opolskie.pl\/en\/wp-json\/wp\/v2\/users\/1"}],"replies":[{"embeddable":true,"href":"https:\/\/coi.opolskie.pl\/en\/wp-json\/wp\/v2\/comments?post=178"}],"version-history":[{"count":10,"href":"https:\/\/coi.opolskie.pl\/en\/wp-json\/wp\/v2\/pages\/178\/revisions"}],"predecessor-version":[{"id":1695,"href":"https:\/\/coi.opolskie.pl\/en\/wp-json\/wp\/v2\/pages\/178\/revisions\/1695"}],"wp:attachment":[{"href":"https:\/\/coi.opolskie.pl\/en\/wp-json\/wp\/v2\/media?parent=178"}],"curies":[{"name":"wp","href":"https:\/\/api.w.org\/{rel}","templated":true}]}}