{"id":589,"date":"2015-11-02T11:18:34","date_gmt":"2015-11-02T10:18:34","guid":{"rendered":"https:\/\/coi.opolskie.pl\/de\/zapytaj-o-oferte\/"},"modified":"2015-11-10T08:57:30","modified_gmt":"2015-11-10T07:57:30","slug":"zapytaj-o-oferte","status":"publish","type":"page","link":"https:\/\/coi.opolskie.pl\/de\/zapytaj-o-oferte\/","title":{"rendered":"Interesse am Angebot"},"content":{"rendered":"\n<div class=\"wpcf7 no-js\" id=\"wpcf7-f718-o1\" lang=\"de-DE\" dir=\"ltr\" data-wpcf7-id=\"718\">\n<div class=\"screen-reader-response\"><p role=\"status\" aria-live=\"polite\" aria-atomic=\"true\"><\/p> <ul><\/ul><\/div>\n<form action=\"\/de\/wp-json\/wp\/v2\/pages\/589#wpcf7-f718-o1\" method=\"post\" class=\"wpcf7-form init wpcf7-acceptance-as-validation\" aria-label=\"Kontaktformular\" novalidate=\"novalidate\" data-status=\"init\">\n<fieldset class=\"hidden-fields-container\"><input type=\"hidden\" name=\"_wpcf7\" value=\"718\" \/><input type=\"hidden\" name=\"_wpcf7_version\" value=\"6.1.5\" \/><input type=\"hidden\" name=\"_wpcf7_locale\" value=\"de_DE\" \/><input type=\"hidden\" name=\"_wpcf7_unit_tag\" value=\"wpcf7-f718-o1\" \/><input type=\"hidden\" name=\"_wpcf7_container_post\" value=\"0\" \/><input type=\"hidden\" name=\"_wpcf7_posted_data_hash\" value=\"\" \/><input type=\"hidden\" name=\"_wpcf7_recaptcha_response\" value=\"\" \/>\n<\/fieldset>\n<div>\n\t<h3>Kontaktinformation:\n\t<\/h3>\n<\/div>\n<div class=\"row\">\n\t<div class=\"col-md-6 form-group\">\n\t\t<p><label for=\"your-name\">Name und Nachname *<\/label><span class=\"wpcf7-form-control-wrap\" data-name=\"your-name\"><input size=\"40\" maxlength=\"400\" class=\"wpcf7-form-control wpcf7-text wpcf7-validates-as-required form-control\" id=\"your-name\" aria-required=\"true\" aria-invalid=\"false\" placeholder=\"Name und Nachname\" value=\"\" type=\"text\" name=\"your-name\" \/><\/span>\n\t\t<\/p>\n\t<\/div>\n\t<div class=\"col-md-6 form-group\">\n\t\t<p><label for=\"firma\">Unternehmen<\/label><span class=\"wpcf7-form-control-wrap\" data-name=\"firma\"><input size=\"40\" maxlength=\"400\" class=\"wpcf7-form-control wpcf7-text form-control\" id=\"firma\" aria-invalid=\"false\" placeholder=\"Unternehmen\" value=\"\" type=\"text\" name=\"firma\" \/><\/span>\n\t\t<\/p>\n\t<\/div>\n\t<div class=\"col-md-6 form-group\">\n\t\t<p><label for=\"your-email\">E-Mail oder Telefonnummer *<\/label><span class=\"wpcf7-form-control-wrap\" data-name=\"your-email\"><input size=\"40\" maxlength=\"400\" class=\"wpcf7-form-control wpcf7-text wpcf7-validates-as-required form-control\" id=\"your-email\" aria-required=\"true\" aria-invalid=\"false\" placeholder=\"E-Mail oder Telefonnummer\" value=\"\" type=\"text\" name=\"your-email\" \/><\/span>\n\t\t<\/p>\n\t<\/div>\n<\/div>\n<div>\n\t<h3>Investement Angebotsdaten:\n\t<\/h3>\n<\/div>\n<div class=\"row\">\n\t<div class=\"col-md-12 form-group\">\n\t\t<p><label for=\"radio-809\">Type *<\/label><span class=\"wpcf7-form-control-wrap\" data-name=\"radio-809\"><span class=\"wpcf7-form-control wpcf7-radio\" id=\"radio-809\"><span class=\"wpcf7-list-item first\"><label><input type=\"radio\" name=\"radio-809\" value=\"Greenefield\" \/><span class=\"wpcf7-list-item-label\">Greenefield<\/span><\/label><\/span><span class=\"wpcf7-list-item last\"><label><input type=\"radio\" name=\"radio-809\" value=\"Brownfield\" \/><span class=\"wpcf7-list-item-label\">Brownfield<\/span><\/label><\/span><\/span><\/span>\n\t\t<\/p>\n\t<\/div>\n\t<div class=\"col-md-6 form-group\">\n\t\t<p><label for=\"wielkosc\">Bereich<\/label><span class=\"wpcf7-form-control-wrap\" data-name=\"wielkosc\"><input size=\"40\" maxlength=\"400\" class=\"wpcf7-form-control wpcf7-text form-control\" id=\"wielkosc\" aria-invalid=\"false\" placeholder=\"Bereich\" value=\"\" type=\"text\" name=\"wielkosc\" \/><\/span>\n\t\t<\/p>\n\t<\/div>\n\t<div class=\"col-md-6 form-group\">\n\t\t<p><label for=\"przeznaczenie\">Bezeichnung<\/label><span class=\"wpcf7-form-control-wrap\" data-name=\"przeznaczenie\"><input size=\"40\" maxlength=\"400\" class=\"wpcf7-form-control wpcf7-text form-control\" id=\"przeznaczenie\" aria-invalid=\"false\" placeholder=\"Bezeichnung\" value=\"\" type=\"text\" name=\"przeznaczenie\" \/><\/span>\n\t\t<\/p>\n\t<\/div>\n\t<div class=\"col-md-6 form-group\">\n\t\t<p><label for=\"odleglosc\">Entfernung von der Autobahn<\/label><span class=\"wpcf7-form-control-wrap\" data-name=\"odleglosc\"><input size=\"40\" maxlength=\"400\" class=\"wpcf7-form-control wpcf7-text form-control\" id=\"odleglosc\" aria-invalid=\"false\" placeholder=\"Entfernung von der Autobahn\" value=\"\" type=\"text\" name=\"odleglosc\" \/><\/span>\n\t\t<\/p>\n\t<\/div>\n\t<div class=\"col-md-6 form-group\">\n\t\t<p><label for=\"strefa\">Specjal Wirtschaftszone<\/label><span class=\"wpcf7-form-control-wrap\" data-name=\"strefa\"><input size=\"40\" maxlength=\"400\" class=\"wpcf7-form-control wpcf7-text form-control\" id=\"strefa\" aria-invalid=\"false\" placeholder=\"Specjal Wirtschaftszone\" value=\"\" type=\"text\" name=\"strefa\" \/><\/span>\n\t\t<\/p>\n\t<\/div>\n<\/div>\n<div class=\"form-group\">\n\t<p><label for=\"wiadomosc\">Meldung<\/label><span class=\"wpcf7-form-control-wrap\" data-name=\"wiadomosc\"><textarea cols=\"40\" rows=\"5\" maxlength=\"2000\" class=\"wpcf7-form-control wpcf7-textarea form-control\" id=\"wiadomosc\" aria-invalid=\"false\" placeholder=\"Meldung\" name=\"wiadomosc\"><\/textarea><\/span>\n\t<\/p>\n<\/div>\n<div>\n\t<p><span class=\"wpcf7-form-control-wrap\" data-name=\"acceptance-257\"><span class=\"wpcf7-form-control wpcf7-acceptance\"><span class=\"wpcf7-list-item\"><label><input type=\"checkbox\" name=\"acceptance-257\" value=\"1\" aria-invalid=\"false\" \/><span class=\"wpcf7-list-item-label\">Ich stimme der Verarbeitung meiner personenbezogenen Daten gem\u00e4\u00df der Verordnung (EU) 2016\/679 des Europ\u00e4ischen Parlaments und des Rates vom 27. April 2016 zum Schutz nat\u00fcrlicher Personen bei der Verarbeitung personenbezogener Daten und zum freien Verkehr zu solche Daten und die Aufhebung der Richtlinie 95\/46 \/ W durch das Zentrum f\u00fcr Unterst\u00fctzung von Investoren und Exporteuren, Opolskie Centrum Rozwoju Gospodarki, f\u00fcr Zwecke im Zusammenhang mit der Bearbeitung des Antrags und der Beantwortung des Antrags. Die Angabe personenbezogener Daten ist freiwillig, aber f\u00fcr die Absendung und Bearbeitung der Bewerbung erforderlich. Ich wurde \u00fcber meine Rechte auf Zugang zu meinen Daten, die M\u00f6glichkeit, sie zu korrigieren, die Beendigung ihrer Verarbeitung zu verlangen oder ihrer Verarbeitung zu widersprechen (<a href=\"https:\/\/coi.opolskie.pl\/de\/datenschutz-bestimmungen\/\">Datenschutzerkl\u00e4rung<\/a>) informiert. Der Administrator der personenbezogenen Daten ist das Investor and Exporter Assistance Center, Opolskie Centrum Rozwoju Gospodarki mit Sitz in der ul. Krakowska 38, 45-075 Oppeln<\/span><\/label><\/span><\/span><\/span>\n\t<\/p>\n<\/div>\n<div class=\"form-group\">\n\t<p><input class=\"wpcf7-form-control wpcf7-submit has-spinner btn btn-small btn-blue pull-right\" type=\"submit\" value=\"Einreichen\" \/>\n\t<\/p>\n<\/div><div class=\"wpcf7-response-output\" aria-hidden=\"true\"><\/div>\n<\/form>\n<\/div>\n\n","protected":false},"excerpt":{"rendered":"","protected":false},"author":1,"featured_media":0,"parent":0,"menu_order":0,"comment_status":"closed","ping_status":"closed","template":"sub-page-sidebar.php","meta":{"_acf_changed":false,"_seopress_robots_primary_cat":"","_seopress_titles_title":"","_seopress_titles_desc":"","_seopress_robots_index":"","footnotes":""},"class_list":["post-589","page","type-page","status-publish","hentry"],"acf":[],"_links":{"self":[{"href":"https:\/\/coi.opolskie.pl\/de\/wp-json\/wp\/v2\/pages\/589","targetHints":{"allow":["GET"]}}],"collection":[{"href":"https:\/\/coi.opolskie.pl\/de\/wp-json\/wp\/v2\/pages"}],"about":[{"href":"https:\/\/coi.opolskie.pl\/de\/wp-json\/wp\/v2\/types\/page"}],"author":[{"embeddable":true,"href":"https:\/\/coi.opolskie.pl\/de\/wp-json\/wp\/v2\/users\/1"}],"replies":[{"embeddable":true,"href":"https:\/\/coi.opolskie.pl\/de\/wp-json\/wp\/v2\/comments?post=589"}],"version-history":[{"count":3,"href":"https:\/\/coi.opolskie.pl\/de\/wp-json\/wp\/v2\/pages\/589\/revisions"}],"predecessor-version":[{"id":722,"href":"https:\/\/coi.opolskie.pl\/de\/wp-json\/wp\/v2\/pages\/589\/revisions\/722"}],"wp:attachment":[{"href":"https:\/\/coi.opolskie.pl\/de\/wp-json\/wp\/v2\/media?parent=589"}],"curies":[{"name":"wp","href":"https:\/\/api.w.org\/{rel}","templated":true}]}}