{"id":413,"date":"2015-11-03T09:06:30","date_gmt":"2015-11-03T08:06:30","guid":{"rendered":"https:\/\/coi.opolskie.pl\/?page_id=413"},"modified":"2023-05-10T10:58:21","modified_gmt":"2023-05-10T08:58:21","slug":"kontakt","status":"publish","type":"page","link":"https:\/\/coi.opolskie.pl\/de\/kontakt\/","title":{"rendered":"Kontakt"},"content":{"rendered":"<p><strong>CENTRUM OBS\u0141UGI INWESTORA I EKSPORTERA (Investoren- und Exportzentrum)<\/strong><br \/>\n<strong>OPOLSKIE CENTRUM ROZWOJU GOSPODARKI (Oppelner Zentrum f\u00fcr Wirtschaftsentwicklung)<\/strong><\/p>\n<p>45-075 Opole, Krakowska 38<br \/>\n\u00d6ffnungszeiten:\u00a0Montag &#8211; Freitag 7:30 &#8211; 15:30<\/p>\n<p><a href=\"mailto:invest@ocrg.opolskie.pl\">invest@ocrg.opolskie.pl<\/a><\/p>\n<p><strong>Magdalena Mo\u017cd\u017ce\u0144<\/strong><br \/>\n<span id=\"result_box\" class=\"short_text\" lang=\"de\"><\/span><span style=\"line-height: 1.5;\">Leiterin\u00a0 Investoren und Exporteur-Servicezentrum<\/span><em><span style=\"line-height: 1.5;\"><br \/>\n<\/span><\/em>Tel.: +48\/77 40 33 648<br \/>\nMobile: +48 515 214 658<br \/>\nEmail: <a href=\"mailto:m.mozdzen@ocrg.opolskie.pl\">m.mozdzen@ocrg.opolskie.pl<\/a><\/p>\n<p><strong>Piotr Rege\u0144czuk<br \/>\n<\/strong><span id=\"result_box\" class=\"short_text\" lang=\"de\"><\/span>Stellvertretende Leiter <span style=\"line-height: 1.5;\">Investoren und Exporteur-Servicezentrum<\/span><em><span style=\"line-height: 1.5;\"><br \/>\n<\/span><\/em>Tel.: +48\/ 77 40 33\u00a0648<br \/>\nMobil: +48\u00a0 533 314 428<br \/>\nEmail: <a href=\"mailto:p.regenczuk@ocrg.opolskie.pl\">p.regenczuk@ocrg.opolskie.pl<\/a><\/p>\n<p><strong>Joanna M\u0105czko<\/strong><br \/>\nHauptspezialist<br \/>\nTel. +48 \/77 4033653<br \/>\ne-mail: <a href=\"mailto:j.maczko@ocrg.opolskie.pl\">j.maczko@ocrg.opolskie.pl<\/a><\/p>\n<p><strong>Iwona Hemon<br \/>\n<\/strong>Hauptspezialist<br \/>\nTel. +48 \/77 4033645<br \/>\ne-mail: <a href=\"mailto:i.hemon@ocrg.opolskie.pl\">i.hemon@ocrg.opolskie.pl <\/a><\/p>\n<p><strong>Katarzyna Wa\u0142ach-G\u0142ogiewicz<\/strong><br \/>\nSpezialist<br \/>\ntel. +48\/77 4033645<br \/>\nEmail: <a href=\"mailto:k.glogiewicz@ocrg.opolskie.pl\">k.glogiewicz@ocrg.opolskie.pl<\/a><\/p>\n<p><strong>Milena Go\u0142\u0105bek<\/strong><br \/>\nHauptspezialist<br \/>\ntel. +48 \/ 774033646<br \/>\nMobil: +48 451 060 403<br \/>\nE-mail:\u00a0<a href=\"mailto:m.golabek@ocrg.opolskie.pl\">m.golabek@ocrg.opolskie.pl<\/a><\/p>\n","protected":false},"excerpt":{"rendered":"<p>CENTRUM OBS\u0141UGI INWESTORA I EKSPORTERA (Investoren- und Exportzentrum) OPOLSKIE CENTRUM ROZWOJU GOSPODARKI (Oppelner Zentrum f\u00fcr Wirtschaftsentwicklung) 45-075 Opole, Krakowska 38 [&hellip;]<\/p>\n","protected":false},"author":1,"featured_media":0,"parent":0,"menu_order":0,"comment_status":"closed","ping_status":"closed","template":"sub-page-sidebar.php","meta":{"_acf_changed":false,"_seopress_robots_primary_cat":"","_seopress_titles_title":"","_seopress_titles_desc":"","_seopress_robots_index":"","footnotes":""},"class_list":["post-413","page","type-page","status-publish","hentry"],"acf":[],"_links":{"self":[{"href":"https:\/\/coi.opolskie.pl\/de\/wp-json\/wp\/v2\/pages\/413","targetHints":{"allow":["GET"]}}],"collection":[{"href":"https:\/\/coi.opolskie.pl\/de\/wp-json\/wp\/v2\/pages"}],"about":[{"href":"https:\/\/coi.opolskie.pl\/de\/wp-json\/wp\/v2\/types\/page"}],"author":[{"embeddable":true,"href":"https:\/\/coi.opolskie.pl\/de\/wp-json\/wp\/v2\/users\/1"}],"replies":[{"embeddable":true,"href":"https:\/\/coi.opolskie.pl\/de\/wp-json\/wp\/v2\/comments?post=413"}],"version-history":[{"count":24,"href":"https:\/\/coi.opolskie.pl\/de\/wp-json\/wp\/v2\/pages\/413\/revisions"}],"predecessor-version":[{"id":4158,"href":"https:\/\/coi.opolskie.pl\/de\/wp-json\/wp\/v2\/pages\/413\/revisions\/4158"}],"wp:attachment":[{"href":"https:\/\/coi.opolskie.pl\/de\/wp-json\/wp\/v2\/media?parent=413"}],"curies":[{"name":"wp","href":"https:\/\/api.w.org\/{rel}","templated":true}]}}