{"id":399,"date":"2015-11-03T08:53:41","date_gmt":"2015-11-03T07:53:41","guid":{"rendered":"https:\/\/coi.opolskie.pl\/?page_id=399"},"modified":"2017-08-11T15:19:49","modified_gmt":"2017-08-11T13:19:49","slug":"touristik","status":"publish","type":"page","link":"https:\/\/coi.opolskie.pl\/de\/touristik\/","title":{"rendered":"Touristik"},"content":{"rendered":"<p>W\u00e4lder mit Landschaftsparks und Naturreservaten machen einen gro\u00dfen Teil der Fl\u00e4che aus. In Kamie\u0144 \u015al\u0105ski ist ein modernes Sanatorium entstanden, und die Vorbereitung eines lokalen Flughafens f\u00fcr einen kleinen Luftverkehr ist im Gange (Luftfahrzeugshallen, Service und Hotel) \u00a0sowie die eines volldimensionalen Golf-Feldes. Abenteuer-Liebhabern steht das Angebot des Aero-Clubs von Opole zur Verf\u00fcgung, dass am Flughafen in Polska Nowa Wie\u015b t\u00e4tig ist. Wassersport-Liebhaber werden sich sicher \u00fcber die Badegew\u00e4sser in Turawa, Nysa und Otmuchowo freuen. Das Angebot f\u00fcr Aktive wird durch Pferdesportvereine,\u00a0 Automobil-Veranstaltungen, Marathons und Kanufahrten komplett.<\/p>\n<style type=\"text\/css\">\n#foogallery-gallery-156 .fg-image { width: 170px; }\n#foogallery-gallery-156 { --fg-gutter: 10px; }<\/style>\n\t\t\t<div class=\"foogallery foogallery-container foogallery-default foogallery-lightbox-foobox fg-center fg-default fg-ready fg-light fg-border-thin fg-shadow-small fg-loading-default fg-loaded-fade-in fg-hover-fade fg-hover-zoom\" id=\"foogallery-gallery-156\" data-foogallery=\"{&quot;item&quot;:{&quot;showCaptionTitle&quot;:false,&quot;showCaptionDescription&quot;:false},&quot;lazy&quot;:true}\" style=\"--fg-title-line-clamp: 0; --fg-description-line-clamp: 0;\" >\n\t<div class=\"fg-item fg-type-image fg-idle\"><figure class=\"fg-item-inner\"><a href=\"https:\/\/coi.opolskie.pl\/wp-content\/uploads\/2015\/11\/dsc_0688-1.jpg\" data-attachment-id=\"3921\" data-type=\"image\" class=\"fg-thumb\"><span class=\"fg-image-wrap\"><img decoding=\"async\" alt=\"Samolot na pasie startowym\" width=\"170\" height=\"170\" class=\"skip-lazy fg-image\" data-src-fg=\"https:\/\/coi.opolskie.pl\/wp-content\/uploads\/cache\/2015\/11\/dsc_0688-1\/3129452082.jpg\" src=\"data:image\/svg+xml,%3Csvg%20xmlns%3D%22http%3A%2F%2Fwww.w3.org%2F2000%2Fsvg%22%20width%3D%22170%22%20height%3D%22170%22%20viewBox%3D%220%200%20170%20170%22%3E%3C%2Fsvg%3E\" loading=\"eager\"><\/span><span class=\"fg-image-overlay\"><\/span><\/a><\/figure><div class=\"fg-loader\"><\/div><\/div><div class=\"fg-item fg-type-image fg-idle\"><figure class=\"fg-item-inner\"><a href=\"https:\/\/coi.opolskie.pl\/wp-content\/uploads\/2015\/11\/turystyka4.jpg\" data-attachment-id=\"152\" data-type=\"image\" class=\"fg-thumb\"><span class=\"fg-image-wrap\"><img decoding=\"async\" width=\"170\" height=\"170\" class=\"skip-lazy fg-image\" data-src-fg=\"https:\/\/coi.opolskie.pl\/wp-content\/uploads\/cache\/2015\/11\/turystyka4\/1709072225.jpg\" src=\"data:image\/svg+xml,%3Csvg%20xmlns%3D%22http%3A%2F%2Fwww.w3.org%2F2000%2Fsvg%22%20width%3D%22170%22%20height%3D%22170%22%20viewBox%3D%220%200%20170%20170%22%3E%3C%2Fsvg%3E\" loading=\"eager\"><\/span><span class=\"fg-image-overlay\"><\/span><\/a><\/figure><div class=\"fg-loader\"><\/div><\/div><div class=\"fg-item fg-type-image fg-idle\"><figure class=\"fg-item-inner\"><a href=\"https:\/\/coi.opolskie.pl\/wp-content\/uploads\/2015\/11\/turystyka3.jpg\" data-attachment-id=\"151\" data-type=\"image\" class=\"fg-thumb\"><span class=\"fg-image-wrap\"><img decoding=\"async\" width=\"170\" height=\"170\" class=\"skip-lazy fg-image\" data-src-fg=\"https:\/\/coi.opolskie.pl\/wp-content\/uploads\/cache\/2015\/11\/turystyka3\/4225559939.jpg\" src=\"data:image\/svg+xml,%3Csvg%20xmlns%3D%22http%3A%2F%2Fwww.w3.org%2F2000%2Fsvg%22%20width%3D%22170%22%20height%3D%22170%22%20viewBox%3D%220%200%20170%20170%22%3E%3C%2Fsvg%3E\" loading=\"eager\"><\/span><span class=\"fg-image-overlay\"><\/span><\/a><\/figure><div class=\"fg-loader\"><\/div><\/div><div class=\"fg-item fg-type-image fg-idle\"><figure class=\"fg-item-inner\"><a href=\"https:\/\/coi.opolskie.pl\/wp-content\/uploads\/2015\/11\/turystyka1.jpg\" data-attachment-id=\"149\" data-type=\"image\" class=\"fg-thumb\"><span class=\"fg-image-wrap\"><img decoding=\"async\" width=\"170\" height=\"170\" class=\"skip-lazy fg-image\" data-src-fg=\"https:\/\/coi.opolskie.pl\/wp-content\/uploads\/cache\/2015\/11\/turystyka1\/1032391406.jpg\" src=\"data:image\/svg+xml,%3Csvg%20xmlns%3D%22http%3A%2F%2Fwww.w3.org%2F2000%2Fsvg%22%20width%3D%22170%22%20height%3D%22170%22%20viewBox%3D%220%200%20170%20170%22%3E%3C%2Fsvg%3E\" loading=\"eager\"><\/span><span class=\"fg-image-overlay\"><\/span><\/a><\/figure><div class=\"fg-loader\"><\/div><\/div><\/div>\n\n<p>In der Woiwodschaft befinden sich \u00fcber 200 Pal\u00e4ste und Gutsh\u00f6fe als auch unz\u00e4hlige Sakralobjekte. Architekturperlen sind der Palast in Moszna, aus dem 19. Jh. Stammenden Ruinen des Palastes in Kopice oder das Schloss der Schlesischen Piasten in Brzeg.<\/p>\n<p>Wenn man in der Gegend ist, darf man Krasiej\u00f3w auf keinen Fall missen \u2013 hier ist ein historisch-touristisches Komplex entstanden, das eine der gr\u00f6\u00dften Sehensw\u00fcrdigkeit in diesem Teil des Landes ist, genauso wenig darf man sich den Zoologischen Garten oder das Museum des Polnischen Liedes (darunter das Landesfestival des Polnischen Liedes) in Opole entgehen lassen.<\/p>\n<p>http:\/\/www.visitopolskie.pl\/de\/frontPage.html<\/p>\n","protected":false},"excerpt":{"rendered":"<p>W\u00e4lder mit Landschaftsparks und Naturreservaten machen einen gro\u00dfen Teil der Fl\u00e4che aus. In Kamie\u0144 \u015al\u0105ski ist ein modernes Sanatorium entstanden, [&hellip;]<\/p>\n","protected":false},"author":1,"featured_media":0,"parent":0,"menu_order":0,"comment_status":"closed","ping_status":"closed","template":"sub-page-sidebar.php","meta":{"_acf_changed":false,"_seopress_robots_primary_cat":"","_seopress_titles_title":"","_seopress_titles_desc":"","_seopress_robots_index":"","_seopress_analysis_target_kw":"","footnotes":""},"class_list":["post-399","page","type-page","status-publish","hentry"],"acf":[],"_links":{"self":[{"href":"https:\/\/coi.opolskie.pl\/de\/wp-json\/wp\/v2\/pages\/399","targetHints":{"allow":["GET"]}}],"collection":[{"href":"https:\/\/coi.opolskie.pl\/de\/wp-json\/wp\/v2\/pages"}],"about":[{"href":"https:\/\/coi.opolskie.pl\/de\/wp-json\/wp\/v2\/types\/page"}],"author":[{"embeddable":true,"href":"https:\/\/coi.opolskie.pl\/de\/wp-json\/wp\/v2\/users\/1"}],"replies":[{"embeddable":true,"href":"https:\/\/coi.opolskie.pl\/de\/wp-json\/wp\/v2\/comments?post=399"}],"version-history":[{"count":3,"href":"https:\/\/coi.opolskie.pl\/de\/wp-json\/wp\/v2\/pages\/399\/revisions"}],"predecessor-version":[{"id":1450,"href":"https:\/\/coi.opolskie.pl\/de\/wp-json\/wp\/v2\/pages\/399\/revisions\/1450"}],"wp:attachment":[{"href":"https:\/\/coi.opolskie.pl\/de\/wp-json\/wp\/v2\/media?parent=399"}],"curies":[{"name":"wp","href":"https:\/\/api.w.org\/{rel}","templated":true}]}}