{"id":393,"date":"2015-11-03T08:50:45","date_gmt":"2015-11-03T07:50:45","guid":{"rendered":"https:\/\/coi.opolskie.pl\/?page_id=393"},"modified":"2023-08-22T13:10:14","modified_gmt":"2023-08-22T11:10:14","slug":"professionelle-dienstleistung-an-investoren","status":"publish","type":"page","link":"https:\/\/coi.opolskie.pl\/de\/professionelle-dienstleistung-an-investoren\/","title":{"rendered":"Professionelle Dienstleistung an Investoren"},"content":{"rendered":"<p>Opolskie Centrum Obs\u0142ugi Inwestora i Eksportera (COIE, Investor- und Exporteur-Dienstleistungszentrum von Opole) ist der offizielle Partner der Polnischen Agentur f\u00fcr Investitionen und Handel AG.<\/p>\n<p>Es ist die erste Kontaktstelle f\u00fcr am Investieren in dieser Region als auch an Etablierung ihrer Gesch\u00e4ftst\u00e4tigkeit im Ausland\u00a0 interessierte Unternehmer. COIE verf\u00fcgt \u00fcber die gr\u00f6\u00dfte Wahl an attraktiven Investitionsgebieten in der Region und ein reiches Angebot an zur Investition bestimmten Immobilien.<br \/>\nDass die Zusammenarbeit zwischen COI und den Investoren Fr\u00fcchte bringt, \u00a0zeugen die folgenden neugegr\u00fcndeten Betriebe: Mondelez Polska, Adient Donaldson, Aquila, FPS, Zotefoams, Mitsui High Tech (Skarbimierz), Polaris, Pastafood, Hongbo, IAC, Skamol, Heerema, GSS, Broekelmann\u00a0<span class=\"s1\">Aluminium<\/span>\u00a0(Opole), Mubea, IFA,\u00a0 Monosol, Bito, Haba-Beton (Ujazd), Metsa Tissue, Piomar (Krapkowice), Goodmils (Walce), Umicore (Nysa), Foosung (K\u0119dzierzyn-Ko\u017ale) Schattdecor (G\u0142ucho\u0142azy).<\/p>\n<p><strong>COIE-Aufgaben im Investitionsbereich:\u00a0<\/strong><strong><br \/>\n<\/strong>&#8211; kostenlose Unterst\u00fctzung von polnischen und internationalen Investoren, u.A. Organisation von Besuchen in Gemeinden, Auditen von Investitionsgebieten, Erteilung der Information \u00fcber die Region, Unterst\u00fctzung in Verhandlungen mit technischen Medien versorgenden Betrieben, Information zu Investitionsverg\u00fcnstigungen, die Firmen zug\u00e4nglich gemacht werden, \u00a0etc.<\/p>\n<ul>\n<li>Aufbau von Kooperationsnetzen von in der Region pr\u00e4senten Firmen<\/li>\n<li>Engagement in die Organisation der Promotion der regionalen Wirtschaft<\/li>\n<li>Branchen-Zusammenarbeit<\/li>\n<li>Export-Unterst\u00fctzung<\/li>\n<li>aktive Unterst\u00fctzung von Regional- und Lokalverwaltungen in der Vorbereitung von Angeboten, Investitionspromotion, Schulungen f\u00fcr Einheiten der Lokalverwaltung.<\/li>\n<li>Erschaffung von Kaufplattformen<\/li>\n<li>Benchmarking- Sitzungen<\/li>\n<li>F\u00f6rderung der beruflichen Schulung u.A.<\/li>\n<\/ul>\n<p>In den Jahren 2019\u20132023 f\u00fchrte COIE ein Schulungsprojekt f\u00fcr lokale Regierungseinheiten im Bereich Investorenservice durch, um einheitliche Standards im Zusammenhang mit der Erstellung eines Angebots, einer Pr\u00e4sentation, einer Website, Werbematerialien oder Daten zu Investitionsbereichen umzusetzen.<\/p>\n<style type=\"text\/css\">\n#foogallery-gallery-344 .fg-image { width: 170px; }\n#foogallery-gallery-344 { --fg-gutter: 10px; }<\/style>\n\t\t\t<div class=\"foogallery foogallery-container foogallery-default foogallery-lightbox-foobox fg-center fg-default fg-ready fg-light fg-border-thin fg-shadow-small fg-loading-default fg-loaded-fade-in fg-hover-fade fg-hover-zoom\" id=\"foogallery-gallery-344\" data-foogallery=\"{&quot;item&quot;:{&quot;showCaptionTitle&quot;:false,&quot;showCaptionDescription&quot;:false},&quot;lazy&quot;:true}\" style=\"--fg-title-line-clamp: 0; --fg-description-line-clamp: 0;\" >\n\t<div class=\"fg-item fg-type-image fg-idle\"><figure class=\"fg-item-inner\"><a href=\"https:\/\/coi.opolskie.pl\/wp-content\/uploads\/2015\/11\/WIC_5093o-kopia.jpg\" data-attachment-id=\"343\" data-type=\"image\" class=\"fg-thumb\"><span class=\"fg-image-wrap\"><img decoding=\"async\" width=\"170\" height=\"170\" class=\"skip-lazy fg-image\" data-src-fg=\"https:\/\/coi.opolskie.pl\/wp-content\/uploads\/cache\/2015\/11\/WIC_5093o-kopia\/628797483.jpg\" src=\"data:image\/svg+xml,%3Csvg%20xmlns%3D%22http%3A%2F%2Fwww.w3.org%2F2000%2Fsvg%22%20width%3D%22170%22%20height%3D%22170%22%20viewBox%3D%220%200%20170%20170%22%3E%3C%2Fsvg%3E\" loading=\"eager\"><\/span><span class=\"fg-image-overlay\"><\/span><\/a><\/figure><div class=\"fg-loader\"><\/div><\/div><div class=\"fg-item fg-type-image fg-idle\"><figure class=\"fg-item-inner\"><a href=\"https:\/\/coi.opolskie.pl\/wp-content\/uploads\/2015\/11\/WIC_5043-kopia-e1525246313447.jpg\" data-attachment-id=\"342\" data-type=\"image\" class=\"fg-thumb\"><span class=\"fg-image-wrap\"><img decoding=\"async\" width=\"170\" height=\"170\" class=\"skip-lazy fg-image\" data-src-fg=\"https:\/\/coi.opolskie.pl\/wp-content\/uploads\/cache\/2015\/11\/WIC_5043-kopia-e1525246313447\/2596883100.jpg\" src=\"data:image\/svg+xml,%3Csvg%20xmlns%3D%22http%3A%2F%2Fwww.w3.org%2F2000%2Fsvg%22%20width%3D%22170%22%20height%3D%22170%22%20viewBox%3D%220%200%20170%20170%22%3E%3C%2Fsvg%3E\" loading=\"eager\"><\/span><span class=\"fg-image-overlay\"><\/span><\/a><\/figure><div class=\"fg-loader\"><\/div><\/div><div class=\"fg-item fg-type-image fg-idle\"><figure class=\"fg-item-inner\"><a href=\"https:\/\/coi.opolskie.pl\/wp-content\/uploads\/2015\/11\/IFM-Ecolink-Opole-lipiec-2014-r-kopia.jpg\" data-attachment-id=\"338\" data-type=\"image\" class=\"fg-thumb\"><span class=\"fg-image-wrap\"><img decoding=\"async\" width=\"170\" height=\"170\" class=\"skip-lazy fg-image\" data-src-fg=\"https:\/\/coi.opolskie.pl\/wp-content\/uploads\/cache\/2015\/11\/IFM-Ecolink-Opole-lipiec-2014-r-kopia\/4082143934.jpg\" src=\"data:image\/svg+xml,%3Csvg%20xmlns%3D%22http%3A%2F%2Fwww.w3.org%2F2000%2Fsvg%22%20width%3D%22170%22%20height%3D%22170%22%20viewBox%3D%220%200%20170%20170%22%3E%3C%2Fsvg%3E\" loading=\"eager\"><\/span><span class=\"fg-image-overlay\"><\/span><\/a><\/figure><div class=\"fg-loader\"><\/div><\/div><div class=\"fg-item fg-type-image fg-idle\"><figure class=\"fg-item-inner\"><a href=\"https:\/\/coi.opolskie.pl\/wp-content\/uploads\/2015\/11\/Polaris7-e1525245527775.jpg\" data-attachment-id=\"259\" data-type=\"image\" class=\"fg-thumb\"><span class=\"fg-image-wrap\"><img decoding=\"async\" width=\"170\" height=\"170\" class=\"skip-lazy fg-image\" data-src-fg=\"https:\/\/coi.opolskie.pl\/wp-content\/uploads\/cache\/2015\/11\/Polaris7-e1525245527775\/3077310566.jpg\" src=\"data:image\/svg+xml,%3Csvg%20xmlns%3D%22http%3A%2F%2Fwww.w3.org%2F2000%2Fsvg%22%20width%3D%22170%22%20height%3D%22170%22%20viewBox%3D%220%200%20170%20170%22%3E%3C%2Fsvg%3E\" loading=\"eager\"><\/span><span class=\"fg-image-overlay\"><\/span><\/a><\/figure><div class=\"fg-loader\"><\/div><\/div><div class=\"fg-item fg-type-image fg-idle\"><figure class=\"fg-item-inner\"><a href=\"https:\/\/coi.opolskie.pl\/wp-content\/uploads\/2015\/11\/WIC3871-kopia.jpg\" data-attachment-id=\"264\" data-type=\"image\" class=\"fg-thumb\"><span class=\"fg-image-wrap\"><img decoding=\"async\" width=\"170\" height=\"170\" class=\"skip-lazy fg-image\" data-src-fg=\"https:\/\/coi.opolskie.pl\/wp-content\/uploads\/cache\/2015\/11\/WIC3871-kopia\/1731136979.jpg\" src=\"data:image\/svg+xml,%3Csvg%20xmlns%3D%22http%3A%2F%2Fwww.w3.org%2F2000%2Fsvg%22%20width%3D%22170%22%20height%3D%22170%22%20viewBox%3D%220%200%20170%20170%22%3E%3C%2Fsvg%3E\" loading=\"eager\"><\/span><span class=\"fg-image-overlay\"><\/span><\/a><\/figure><div class=\"fg-loader\"><\/div><\/div><div class=\"fg-item fg-type-image fg-idle\"><figure class=\"fg-item-inner\"><a href=\"https:\/\/coi.opolskie.pl\/wp-content\/uploads\/2023\/07\/Brzeg.jpg\" data-attachment-id=\"4250\" data-type=\"image\" class=\"fg-thumb\"><span class=\"fg-image-wrap\"><img decoding=\"async\" width=\"170\" height=\"170\" class=\"skip-lazy fg-image\" data-src-fg=\"https:\/\/coi.opolskie.pl\/wp-content\/uploads\/cache\/2023\/07\/Brzeg\/2794806133.jpg\" src=\"data:image\/svg+xml,%3Csvg%20xmlns%3D%22http%3A%2F%2Fwww.w3.org%2F2000%2Fsvg%22%20width%3D%22170%22%20height%3D%22170%22%20viewBox%3D%220%200%20170%20170%22%3E%3C%2Fsvg%3E\" loading=\"eager\"><\/span><span class=\"fg-image-overlay\"><\/span><\/a><\/figure><div class=\"fg-loader\"><\/div><\/div><div class=\"fg-item fg-type-image fg-idle\"><figure class=\"fg-item-inner\"><a href=\"https:\/\/coi.opolskie.pl\/wp-content\/uploads\/2023\/09\/Inwestycja-w-Opolu_wizualizacja_13.09.2023.jpg\" data-attachment-id=\"4467\" data-type=\"image\" class=\"fg-thumb\"><span class=\"fg-image-wrap\"><img decoding=\"async\" width=\"170\" height=\"170\" class=\"skip-lazy fg-image\" data-src-fg=\"https:\/\/coi.opolskie.pl\/wp-content\/uploads\/cache\/2023\/09\/Inwestycja-w-Opolu_wizualizacja_13_09_2023\/1483307660.jpg\" src=\"data:image\/svg+xml,%3Csvg%20xmlns%3D%22http%3A%2F%2Fwww.w3.org%2F2000%2Fsvg%22%20width%3D%22170%22%20height%3D%22170%22%20viewBox%3D%220%200%20170%20170%22%3E%3C%2Fsvg%3E\" loading=\"eager\"><\/span><span class=\"fg-image-overlay\"><\/span><\/a><\/figure><div class=\"fg-loader\"><\/div><\/div><div class=\"fg-item fg-type-image fg-idle\"><figure class=\"fg-item-inner\"><a href=\"https:\/\/coi.opolskie.pl\/wp-content\/uploads\/2021\/08\/Prudnik-300x225.jpg\" data-attachment-id=\"3426\" data-type=\"image\" class=\"fg-thumb\"><span class=\"fg-image-wrap\"><img decoding=\"async\" width=\"170\" height=\"170\" class=\"skip-lazy fg-image\" data-src-fg=\"https:\/\/coi.opolskie.pl\/wp-content\/uploads\/cache\/2021\/08\/Prudnik-300x225\/2909404290.jpg\" src=\"data:image\/svg+xml,%3Csvg%20xmlns%3D%22http%3A%2F%2Fwww.w3.org%2F2000%2Fsvg%22%20width%3D%22170%22%20height%3D%22170%22%20viewBox%3D%220%200%20170%20170%22%3E%3C%2Fsvg%3E\" loading=\"eager\"><\/span><span class=\"fg-image-overlay\"><\/span><\/a><\/figure><div class=\"fg-loader\"><\/div><\/div><div class=\"fg-item fg-type-image fg-idle\"><figure class=\"fg-item-inner\"><a href=\"https:\/\/coi.opolskie.pl\/wp-content\/uploads\/2021\/06\/ifm-ecolink.jpg\" data-attachment-id=\"3338\" data-type=\"image\" class=\"fg-thumb\"><span class=\"fg-image-wrap\"><img decoding=\"async\" width=\"170\" height=\"170\" class=\"skip-lazy fg-image\" data-src-fg=\"https:\/\/coi.opolskie.pl\/wp-content\/uploads\/cache\/2021\/06\/ifm-ecolink\/2905090836.jpg\" src=\"data:image\/svg+xml,%3Csvg%20xmlns%3D%22http%3A%2F%2Fwww.w3.org%2F2000%2Fsvg%22%20width%3D%22170%22%20height%3D%22170%22%20viewBox%3D%220%200%20170%20170%22%3E%3C%2Fsvg%3E\" loading=\"eager\"><\/span><span class=\"fg-image-overlay\"><\/span><\/a><\/figure><div class=\"fg-loader\"><\/div><\/div><\/div>\n\n","protected":false},"excerpt":{"rendered":"<p>Opolskie Centrum Obs\u0142ugi Inwestora i Eksportera (COIE, Investor- und Exporteur-Dienstleistungszentrum von Opole) ist der offizielle Partner der Polnischen Agentur f\u00fcr [&hellip;]<\/p>\n","protected":false},"author":1,"featured_media":0,"parent":0,"menu_order":0,"comment_status":"closed","ping_status":"closed","template":"sub-page-sidebar.php","meta":{"_acf_changed":false,"_seopress_robots_primary_cat":"","_seopress_titles_title":"","_seopress_titles_desc":"","_seopress_robots_index":"","_seopress_analysis_target_kw":"","footnotes":""},"class_list":["post-393","page","type-page","status-publish","hentry"],"acf":[],"_links":{"self":[{"href":"https:\/\/coi.opolskie.pl\/de\/wp-json\/wp\/v2\/pages\/393","targetHints":{"allow":["GET"]}}],"collection":[{"href":"https:\/\/coi.opolskie.pl\/de\/wp-json\/wp\/v2\/pages"}],"about":[{"href":"https:\/\/coi.opolskie.pl\/de\/wp-json\/wp\/v2\/types\/page"}],"author":[{"embeddable":true,"href":"https:\/\/coi.opolskie.pl\/de\/wp-json\/wp\/v2\/users\/1"}],"replies":[{"embeddable":true,"href":"https:\/\/coi.opolskie.pl\/de\/wp-json\/wp\/v2\/comments?post=393"}],"version-history":[{"count":9,"href":"https:\/\/coi.opolskie.pl\/de\/wp-json\/wp\/v2\/pages\/393\/revisions"}],"predecessor-version":[{"id":4396,"href":"https:\/\/coi.opolskie.pl\/de\/wp-json\/wp\/v2\/pages\/393\/revisions\/4396"}],"wp:attachment":[{"href":"https:\/\/coi.opolskie.pl\/de\/wp-json\/wp\/v2\/media?parent=393"}],"curies":[{"name":"wp","href":"https:\/\/api.w.org\/{rel}","templated":true}]}}