{"id":390,"date":"2015-11-03T08:47:41","date_gmt":"2015-11-03T07:47:41","guid":{"rendered":"https:\/\/coi.opolskie.pl\/?page_id=390"},"modified":"2015-11-03T08:47:41","modified_gmt":"2015-11-03T07:47:41","slug":"befreiung-von-der-grundsteuer","status":"publish","type":"page","link":"https:\/\/coi.opolskie.pl\/de\/befreiung-von-der-grundsteuer\/","title":{"rendered":"Befreiung von der Grundsteuer"},"content":{"rendered":"<p><strong>Investitionsverg<\/strong><strong>\u00fc<\/strong><strong>nstigungen in Gemeinden \u2013 Befreiung von der Grundsteuer<\/strong><\/p>\n<p>Eine der wichtigsten Investitionsverg\u00fcnstigungen, die den Unternehmern in Gemeinden angeboten werden ist die Befreiung von der Grundsteuer und von lokalen Geb\u00fchren. Das Gesetz vom 12 Januar 1991 zu Steuern und Kommunalgeb\u00fchren erkennt den Gemeinder\u00e4ten Berechtigungen im Bereich der Steuersatzgestaltung und Befreiung von lokalen Steuern und Geb\u00fchren zu. <strong>Von gr\u00f6\u00dfter Bedeutung f\u00fcr die Unternehmer ist die Befreiung von der Grundsteuer.<\/strong><\/p>\n<p><strong>Gegenstand der Steuerbefreiung<\/strong><\/p>\n<p>Der Grundsteuerpflicht unterliegen:<\/p>\n<ol>\n<li>Grundst\u00fccke,<\/li>\n<li>Geb\u00e4ude oder deren Teile,<\/li>\n<li>Bauten oder deren Teile, die mit der Gesch\u00e4ftst\u00e4tigkeit verbunden sind.<strong>\u00a0<\/strong><\/li>\n<\/ol>\n<p><strong>Grundsteuerbefreiung im Rahmen der <em>De-minimis-Beihilfe<\/em><\/strong><\/p>\n<p>Der Gemeinderat kann durch Beschl\u00fcsse im Rahmen des Beihilfeprogramms Steuerbefreiungen einf\u00fchren, vorbehaltlich der Gemeinschaftsregelungen f\u00fcr De-minimis-Beihilfen, wodurch die Beihilfe von der Anmeldungspflicht befreit ist, allerdings muss der Beschlussentwurf dem Pr\u00e4sidenten\u00a0 des Amtes f\u00fcr Wettbewerb- und Verbraucherschutz (poln. UOKiK) vorgelegt werden.<\/p>\n<p>Der Basisrechtsakt, der\u00a0 die <em>De-minimis-<\/em>Beihilfen regelt, ist die Verordnung (EG) Nr. 1998\/2006 der Kommission vom 15. Dezember 2006 \u00fcber die Anwendung von Artikel 87 und 88 des Vertrags auf <em>De-minimis-<\/em>Beihilfen (ABl.UE.L.06.379.5), die die Gew\u00e4hrung von Beihilfen auch im G\u00fcterkraftverkehr erm\u00f6glicht.<\/p>\n<p><strong><em>De-minimis-H\u00f6chstbetr\u00e4ge<\/em><\/strong><\/p>\n<p>Die Verordnung bestimmt den <em>De-minimis-H\u00f6chstbetrag in der H\u00f6he von <\/em>200 Tausend\u00a0 Euro und 100 Tausend Euro im G\u00fcterkraftverkehr, f\u00fcr eine wirtschaftliche Einheit, f\u00fcr den Zeitraum von drei Steuerjahren. Die Beihilfe wird berechnet, indem die im laufenden Jahr und den zwei Vorjahren erhaltene Beihilfen summiert werden, und die Summe der Beihilfen 200 Tausend Euro (100 Tausend Euro im G\u00fcterkraftverkehr) nicht \u00fcberschreiten darf.<\/p>\n","protected":false},"excerpt":{"rendered":"<p>Investitionsverg\u00fcnstigungen in Gemeinden \u2013 Befreiung von der Grundsteuer Eine der wichtigsten Investitionsverg\u00fcnstigungen, die den Unternehmern in Gemeinden angeboten werden ist [&hellip;]<\/p>\n","protected":false},"author":1,"featured_media":0,"parent":0,"menu_order":0,"comment_status":"closed","ping_status":"closed","template":"sub-page-sidebar.php","meta":{"_acf_changed":false,"_seopress_robots_primary_cat":"","_seopress_titles_title":"","_seopress_titles_desc":"","_seopress_robots_index":"","_seopress_analysis_target_kw":"","footnotes":""},"class_list":["post-390","page","type-page","status-publish","hentry"],"acf":[],"_links":{"self":[{"href":"https:\/\/coi.opolskie.pl\/de\/wp-json\/wp\/v2\/pages\/390","targetHints":{"allow":["GET"]}}],"collection":[{"href":"https:\/\/coi.opolskie.pl\/de\/wp-json\/wp\/v2\/pages"}],"about":[{"href":"https:\/\/coi.opolskie.pl\/de\/wp-json\/wp\/v2\/types\/page"}],"author":[{"embeddable":true,"href":"https:\/\/coi.opolskie.pl\/de\/wp-json\/wp\/v2\/users\/1"}],"replies":[{"embeddable":true,"href":"https:\/\/coi.opolskie.pl\/de\/wp-json\/wp\/v2\/comments?post=390"}],"version-history":[{"count":1,"href":"https:\/\/coi.opolskie.pl\/de\/wp-json\/wp\/v2\/pages\/390\/revisions"}],"predecessor-version":[{"id":391,"href":"https:\/\/coi.opolskie.pl\/de\/wp-json\/wp\/v2\/pages\/390\/revisions\/391"}],"wp:attachment":[{"href":"https:\/\/coi.opolskie.pl\/de\/wp-json\/wp\/v2\/media?parent=390"}],"curies":[{"name":"wp","href":"https:\/\/api.w.org\/{rel}","templated":true}]}}