{"id":380,"date":"2015-11-03T08:38:19","date_gmt":"2015-11-03T07:38:19","guid":{"rendered":"https:\/\/coi.opolskie.pl\/?page_id=380"},"modified":"2023-08-22T13:00:55","modified_gmt":"2023-08-22T11:00:55","slug":"sozialkapital","status":"publish","type":"page","link":"https:\/\/coi.opolskie.pl\/de\/sozialkapital\/","title":{"rendered":"Sozialkapital"},"content":{"rendered":"<p><strong>Opolskie ist eine Region, <\/strong>die sich durch ein Reichtum an Traditionen und ein harmonisches Miteinander von verschiedenen Kulturen auszeichnet \u2013 der polnischen, der tschechischen und der deutschen. Dies hat zur Folge, dass die Bewohner der Region freudig Kontakte mit Ausland aufnehmen und einen Erfahrungsaustausch betreiben. Viele haben eine lange Erfahrung in der Arbeit in anderen EU-L\u00e4ndern, vor allem in Deutschland, \u00d6sterreich, Holland und Belgien. Diese Kontakte erm\u00f6glichen es, dass die in diesen L\u00e4ndern pr\u00e4senten Muster und Standards auf den lokalen Markt der Woiwodschaft \u00fcbertragen werden, und somit stimulieren sie den Anstieg des Qualifikationsniveaus der Arbeitskr\u00e4fte in der Region, als auch resultieren in ausgezeichneter Kenntnis der Anforderungen, die in westeurop\u00e4ischen L\u00e4ndern durch Arbeitgeber gestellt werden. Nach ihrer R\u00fcckkehr bilden diese Leute neue Arbeitspl\u00e4tze selbst und st\u00e4rken den KMU-Sektor, indem sie ihre Erfahrungen aus dem westeurop\u00e4ischen Arbeitsmarkt umsetzen.<\/p>\n<p>&nbsp;<\/p>\n<p><strong>Hochschulen<\/strong><\/p>\n<p>Das steigende Qualifikationsniveau der Bewohner geh\u00f6rt zu den Faktoren, die einen starken Einfluss auf die wirtschaftliche Entwicklung der Woiwodschaft aus\u00fcben. Die wichtigste Universit\u00e4tsstadt der Region ist Opole mit ungef\u00e4hr 25 Tausend Studenten im Ganze Region. Die gr\u00f6\u00dften Hochschulen der Region haben hier ihren Sitz:<\/p>\n<ul>\n<li><strong>Universit\u00e4t Opole\u00a0<\/strong>\u2013 die gr\u00f6\u00dfte und angesehenste Hochschule in Opole, die u.a. \u00f6konomische Fachkr\u00e4fte ausbildet.<\/li>\n<li><strong>Technische Universit\u00e4t Opole<\/strong>\u00a0\u2013 die gefasste technische Hochschule in der Region, die hochqualifizierte Fachkr\u00e4fte ausbildet, und zwar in den Bereichen Bauwesen, Automationstechnik und Robotik, Elektrotechnik und Telekommunikation, Informatik, Mechanik und Maschinenbau, wobei viele deutsch- oder englischsprachige Studieng\u00e4nge angeboten werden.<\/li>\n<li><strong>Akademie der Angewandten Wissenschaften Universit\u00e4t f\u00fcr Management und Verwaltung in Opole <\/strong>\u2013 die gr\u00f6\u00dfte nichtstaatliche Hochschule der Region, <span id=\"result_box\" class=\"\" lang=\"de\"><span class=\"\">technisches Management von Produktionsmanagement, IT-Netzwerkmanagement, Philologie, \u00d6konomie und Architektur (Doppeldiplom bei der Brandenburgischen Technischen Universit\u00e4t Cottbus-Senftenberg)<\/span><\/span><\/li>\n<li><strong>WSB Merito University in Wroc\u0142aw Branch in Opole<\/strong><\/li>\n<\/ul>\n<p>In der Region sind dar\u00fcber hinaus die folgenden Hochschulen t\u00e4tig:<br \/>\n<strong>Staatliche Akademie f\u00fcr Angewandte Wissenschaften in Nysa<\/strong>, die unter anderem technische Fachkr\u00e4fte und Spezialisten f\u00fcr Konservierung historischer Geb\u00e4ude und Denkm\u00e4ler ausbildet, als auch <strong>Hochschule f\u00fcr Humanwissenschaften und Wirtschaft in Brzeg<\/strong>.<\/p>\n<p>&nbsp;<\/p>\n<p><strong>Berufliche und Technische Schulen<\/strong><\/p>\n<p><strong>Zentren f\u00fcr Praktisches und lebenslanges Lernen<\/strong>: Opole, Nysa, K\u0119dzierzyn \u2013 Ko\u017ale, Strzelce Opolskie, Kluczbork. <span id=\"result_box\" class=\"\" lang=\"de\"><span class=\"\">Die Zentren verf\u00fcgen \u00fcber hervorragende technische Infrastruktur in Form von H\u00f6rs\u00e4len, Berufsklassen f\u00fcr den praktischen Unterricht in den Bereichen Elektromechanik, Robotik und Programmierung, Numerische Leitstellen, Schwei\u00dfer, Zimmerer.<\/span><\/span><\/p>\n<p><strong>Berufliche und technische Schulen, <\/strong>die Curricula und Praktikumsprogramme realisieren, die auf die von Unternehmern mitgeteilten Bed\u00fcrfnisse des Arbeitsmarktes zugeschnitten sind. Darunter ein System von Berufspraktika.<\/p>\n<p><strong>ALLGEMEINE ANGABEN (096.2023)<\/strong><\/p>\n<p>Zahl der Bewohner: 942 Tausend Personen<\/p>\n<p>Arbeitslose: 20,9 Personen, Arbeitlosenquote: 6,1 %<\/p>\n<p>Durchschnittliche monatlich Bruttolohn in der Region in Industrie: 6661 PLN<\/p>\n<p>60% der Gesellschaft im Erwerbsalter.<\/p>\n","protected":false},"excerpt":{"rendered":"<p>Opolskie ist eine Region, die sich durch ein Reichtum an Traditionen und ein harmonisches Miteinander von verschiedenen Kulturen auszeichnet \u2013 [&hellip;]<\/p>\n","protected":false},"author":1,"featured_media":0,"parent":0,"menu_order":0,"comment_status":"closed","ping_status":"closed","template":"sub-page-sidebar.php","meta":{"_acf_changed":false,"_seopress_robots_primary_cat":"","_seopress_titles_title":"","_seopress_titles_desc":"","_seopress_robots_index":"","_seopress_analysis_target_kw":"","footnotes":""},"class_list":["post-380","page","type-page","status-publish","hentry"],"acf":[],"_links":{"self":[{"href":"https:\/\/coi.opolskie.pl\/de\/wp-json\/wp\/v2\/pages\/380","targetHints":{"allow":["GET"]}}],"collection":[{"href":"https:\/\/coi.opolskie.pl\/de\/wp-json\/wp\/v2\/pages"}],"about":[{"href":"https:\/\/coi.opolskie.pl\/de\/wp-json\/wp\/v2\/types\/page"}],"author":[{"embeddable":true,"href":"https:\/\/coi.opolskie.pl\/de\/wp-json\/wp\/v2\/users\/1"}],"replies":[{"embeddable":true,"href":"https:\/\/coi.opolskie.pl\/de\/wp-json\/wp\/v2\/comments?post=380"}],"version-history":[{"count":12,"href":"https:\/\/coi.opolskie.pl\/de\/wp-json\/wp\/v2\/pages\/380\/revisions"}],"predecessor-version":[{"id":4391,"href":"https:\/\/coi.opolskie.pl\/de\/wp-json\/wp\/v2\/pages\/380\/revisions\/4391"}],"wp:attachment":[{"href":"https:\/\/coi.opolskie.pl\/de\/wp-json\/wp\/v2\/media?parent=380"}],"curies":[{"name":"wp","href":"https:\/\/api.w.org\/{rel}","templated":true}]}}