{"id":3783,"date":"2022-06-07T12:20:44","date_gmt":"2022-06-07T10:20:44","guid":{"rendered":"https:\/\/coi.opolskie.pl\/?page_id=3783"},"modified":"2022-06-07T12:20:44","modified_gmt":"2022-06-07T10:20:44","slug":"seitenverzeichnis","status":"publish","type":"page","link":"https:\/\/coi.opolskie.pl\/de\/seitenverzeichnis\/","title":{"rendered":"Seitenverzeichnis"},"content":{"rendered":"<div class=\"wsp-container\"><h2 class=\"wsp-pages-title\">Seiten<\/h2>\n<ul class=\"wsp-pages-list\">\n<li class=\"page_item page-item-408\"><a href=\"https:\/\/coi.opolskie.pl\/de\/ausfuhrunterstutzung\/\">Ausfuhrunterst\u00fctzung<\/a><\/li>\n<li class=\"page_item page-item-390\"><a href=\"https:\/\/coi.opolskie.pl\/de\/befreiung-von-der-grundsteuer\/\">Befreiung von der Grundsteuer<\/a><\/li>\n<li class=\"page_item page-item-3759\"><a href=\"https:\/\/coi.opolskie.pl\/de\/cookie-policy\/\">Cookie-Richtlinie<\/a><\/li>\n<li class=\"page_item page-item-3789\"><a href=\"https:\/\/coi.opolskie.pl\/de\/datenschutz-bestimmungen\/\">Datenschutz-Bestimmungen<\/a><\/li>\n<li class=\"page_item page-item-369\"><a href=\"https:\/\/coi.opolskie.pl\/de\/flache-einwohner\/\">Fl\u00e4che, Einwohner<\/a><\/li>\n<li class=\"page_item page-item-401\"><a href=\"https:\/\/coi.opolskie.pl\/de\/fortgeschrittene-investitionsunterstutzung\/\">Fortgeschrittene Investitionsunterst\u00fctzung<\/a><\/li>\n<li class=\"page_item page-item-410\"><a href=\"https:\/\/coi.opolskie.pl\/de\/fur-lokalverwaltungen\/\">F\u00fcr Lokalverwaltungen<\/a><\/li>\n<li class=\"page_item page-item-589\"><a href=\"https:\/\/coi.opolskie.pl\/de\/zapytaj-o-oferte\/\">Interesse am Angebot<\/a><\/li>\n<li class=\"page_item page-item-4889\"><a href=\"https:\/\/coi.opolskie.pl\/de\/inwestycja-infokiosk-pl-w-zawadzie\/\">Inwestycja Infokiosk.pl w Zawadzie<\/a><\/li>\n<li class=\"page_item page-item-413\"><a href=\"https:\/\/coi.opolskie.pl\/de\/kontakt\/\">Kontakt<\/a><\/li>\n<li class=\"page_item page-item-372\"><a href=\"https:\/\/coi.opolskie.pl\/de\/lokalisierung\/\">Lokalisierung<\/a><\/li>\n<li class=\"page_item page-item-422 page_item_has_children\"><a href=\"https:\/\/coi.opolskie.pl\/de\/\">Main page<\/a>\n<ul class='children'>\n\t<li class=\"page_item page-item-448 page_item_has_children\"><a href=\"https:\/\/coi.opolskie.pl\/de\/strona-glowna\/fuer-investoren\/\">F\u00fcr Investoren<\/a>\n\t<ul class='children'>\n\t\t<li class=\"page_item page-item-404\"><a href=\"https:\/\/coi.opolskie.pl\/de\/strona-glowna\/fuer-investoren\/eu-finanzmittel-2014-2020\/\">EU-Finanzmittel 2014-2020<\/a><\/li>\n\t<\/ul>\n<\/li>\n<\/ul>\n<\/li>\n<li class=\"page_item page-item-591\"><a href=\"https:\/\/coi.opolskie.pl\/de\/zglos-oferte\/\">Melden Sie Ihr Angebot<\/a><\/li>\n<li class=\"page_item page-item-495 current_page_parent\"><a href=\"https:\/\/coi.opolskie.pl\/de\/aktualnosci\/\">News<\/a><\/li>\n<li class=\"page_item page-item-393\"><a href=\"https:\/\/coi.opolskie.pl\/de\/professionelle-dienstleistung-an-investoren\/\">Professionelle Dienstleistung an Investoren<\/a><\/li>\n<li class=\"page_item page-item-397\"><a href=\"https:\/\/coi.opolskie.pl\/de\/rankings\/\">Rankings<\/a><\/li>\n<li class=\"page_item page-item-374\"><a href=\"https:\/\/coi.opolskie.pl\/de\/regionale-wirtschaft\/\">Regionale Wirtschaft<\/a><\/li>\n<li class=\"page_item page-item-3783\"><a href=\"https:\/\/coi.opolskie.pl\/de\/seitenverzeichnis\/\">Seitenverzeichnis<\/a><\/li>\n<li class=\"page_item page-item-380\"><a href=\"https:\/\/coi.opolskie.pl\/de\/sozialkapital\/\">Sozialkapital<\/a><\/li>\n<li class=\"page_item page-item-388\"><a href=\"https:\/\/coi.opolskie.pl\/de\/staatliche-zuschusse\/\">Staatliche<\/a><\/li>\n<li class=\"page_item page-item-377\"><a href=\"https:\/\/coi.opolskie.pl\/de\/technische-infrastruktur\/\">Technische Infrastruktur<\/a><\/li>\n<li class=\"page_item page-item-399\"><a href=\"https:\/\/coi.opolskie.pl\/de\/touristik\/\">Touristik<\/a><\/li>\n<li class=\"page_item page-item-406\"><a href=\"https:\/\/coi.opolskie.pl\/de\/veroffentlichungen-und-berichte\/\">Ver\u00f6ffentlichungen und Berichte<\/a><\/li>\n<li class=\"page_item page-item-386\"><a href=\"https:\/\/coi.opolskie.pl\/de\/wirtschaftliche-sonderzonen\/\">Wirtschaftliche Sonderzonen<\/a><\/li>\n<\/ul>\n<h2 class=\"wsp-posts-title\">Eintr\u00e4ge nach Kategorie<\/h2>\n<ul class=\"wsp-posts-list\">\n\t<li><strong class=\"wsp-category-title\">Kategorie:<a href=\"https:\/\/coi.opolskie.pl\/de\/category\/aktualnosci-de\/\">Aktualno\u015bci @de<\/a><\/strong>\n<ul class=\"wsp-posts-list\">\t\t<li class=\"wsp-post\"><a href=\"https:\/\/coi.opolskie.pl\/de\/2024\/07\/31\/infokiosk-pl-invest-in-zawada\/\">Infokiosk.pl invest in Zawada<\/a><\/li>\n\t\t<li class=\"wsp-post\"><a href=\"https:\/\/coi.opolskie.pl\/de\/2020\/03\/17\/zotefoam-startet-die-produktion-in-skarbimierz\/\">Zotefoam startet die Produktion in Skarbimierz<\/a><\/li>\n\t\t<li class=\"wsp-post\"><a href=\"https:\/\/coi.opolskie.pl\/de\/2020\/03\/17\/kuraray-monosol-investiert-in-ujezd-woiwodschaft-opole\/\">Kuraray &#8211; Monosol investiert in Ujezd (Woiwodschaft Opole)<\/a><\/li>\n\t\t<li class=\"wsp-post\"><a href=\"https:\/\/coi.opolskie.pl\/de\/2020\/03\/17\/umicore-der-bau-der-fabrik-hat-offiziell-begonnen\/\">Umicore. Der Bau der Fabrik hat offiziell begonnen<\/a><\/li>\n\t\t<li class=\"wsp-post\"><a href=\"https:\/\/coi.opolskie.pl\/de\/2017\/10\/10\/polaris-mit-neues-distributionszentrum\/\">Polaris mit neues Distributionszentrum<\/a><\/li>\n\t\t<li class=\"wsp-post\"><a href=\"https:\/\/coi.opolskie.pl\/de\/2017\/03\/30\/hengst-inwestuje-w-gogolinie\/\">Hengst inwestuje w Gogolinie<\/a><\/li>\n\t\t<li class=\"wsp-post\"><a href=\"https:\/\/coi.opolskie.pl\/de\/2016\/12\/13\/oppelner-investorenservicezentrum-das-beste-im-polen\/\">Oppelner Investorenservicezentrum \u2013 das beste im Polen<\/a><\/li>\n\t\t<li class=\"wsp-post\"><a href=\"https:\/\/coi.opolskie.pl\/de\/2016\/12\/13\/die-firma-niemeyer-polserw-investiert-in-gogolin\/\">Die Firma Niemeyer \u2013 Polserw investiert in Gogolin<\/a><\/li>\n\t\t<li class=\"wsp-post\"><a href=\"https:\/\/coi.opolskie.pl\/de\/2016\/07\/25\/ifa-rotorion-uebernimmt-seitenwellen-sparte-von-daimler\/\">IFA Rotorion \u00fcbernimmt Seitenwellen-Sparte von Daimler<\/a><\/li>\n\t\t<li class=\"wsp-post\"><a href=\"https:\/\/coi.opolskie.pl\/de\/2015\/12\/23\/herzliche-weihnachtswuensche\/\">Herzliche Weihnachtsw\u00fcnsche !<\/a><\/li>\n\t\t<li class=\"wsp-post\"><a href=\"https:\/\/coi.opolskie.pl\/de\/2015\/12\/23\/donaldson-eroeffnet-eine-fabrik-in-skarbimierz\/\">Donaldson er\u00f6ffnet eine Fabrik in Skarbimierz<\/a><\/li>\n\t\t<li class=\"wsp-post\"><a href=\"https:\/\/coi.opolskie.pl\/de\/2015\/11\/04\/gruenes-licht-fuer-bpo\/\">Gr\u00fcnes Licht f\u00fcr BPO<\/a><\/li>\n\t\t<li class=\"wsp-post\"><a href=\"https:\/\/coi.opolskie.pl\/de\/2015\/11\/04\/oppelner-unternehmen-fragen-wie-man-die-eu-foerdermitteln-erreichen-kann\/\">Oppelner Unternehmen fragen, wie man die EU-F\u00f6rdermitteln erreichen kann<\/a><\/li>\n\t\t<li class=\"wsp-post\"><a href=\"https:\/\/coi.opolskie.pl\/de\/2015\/11\/04\/victoria-fuer-polnische-unternehmen\/\">Victoria f\u00fcr polnische Unternehmen<\/a><\/li>\n\t\t<li class=\"wsp-post\"><a href=\"https:\/\/coi.opolskie.pl\/de\/2015\/11\/04\/mindestens-350-arbeitsplaetze-werden-in-ujazd-erstellt-werden\/\">Mindestens 350 Arbeitspl\u00e4tze werden in Ujazd erstellt werden<\/a><\/li>\n<\/ul><\/li>\n\t<li><strong class=\"wsp-category-title\">Kategorie:<a href=\"https:\/\/coi.opolskie.pl\/de\/category\/aktualnosci-en-de\/\">Aktualno\u015bci @en<\/a><\/strong>\n<ul class=\"wsp-posts-list\">\t\t<li class=\"wsp-post\"><a href=\"https:\/\/coi.opolskie.pl\/de\/2017\/04\/07\/coroplast-buduje-kolejna-hale-w-strzelcach-opolskich\/\">Coroplast buduje kolejn\u0105 hal\u0119 w Strzelcach Opolskich<\/a><\/li>\n<\/ul><\/li>\n\t<li><strong class=\"wsp-category-title\">Kategorie:<a href=\"https:\/\/coi.opolskie.pl\/de\/category\/unkategorisiert\/\">Unkategorisiert<\/a><\/strong>\n<ul class=\"wsp-posts-list\">\t\t<li class=\"wsp-post\"><a href=\"https:\/\/coi.opolskie.pl\/de\/2022\/05\/13\/smufrit-kappa-inwestuje-w-ujezdzie\/\">Smurfit Kappa inwestuje w Uje\u017adzie<\/a><\/li>\n\t\t<li class=\"wsp-post\"><a href=\"https:\/\/coi.opolskie.pl\/de\/2020\/03\/16\/kuraray-monosol-inwestuje-w-ujezdzie-opolskie\/\">Kuraray &#8211; Monosol inwestuje w Uje\u017adzie (opolskie)<\/a><\/li>\n\t\t<li class=\"wsp-post\"><a href=\"https:\/\/coi.opolskie.pl\/de\/2018\/10\/30\/sotrab-inwestuje-w-ujezdzie\/\">Sotrab inwestuje w Uje\u017adzie<\/a><\/li>\n\t\t<li class=\"wsp-post\"><a href=\"https:\/\/coi.opolskie.pl\/de\/2018\/06\/28\/nysa-rewitalizacja-mlyna-stworzy-przestrzen-do-pracy-i-wypoczynku\/\">Nysa. Rewitalizacja m\u0142yna stworzy przestrze\u0144 do pracy i wypoczynku<\/a><\/li>\n\t\t<li class=\"wsp-post\"><a href=\"https:\/\/coi.opolskie.pl\/de\/2018\/06\/26\/niemeyer-otworzyl-nowy-zaklad-w-gogolinie\/\">Niemeyer otworzy\u0142 nowy zak\u0142ad w Gogolinie<\/a><\/li>\n\t\t<li class=\"wsp-post\"><a href=\"https:\/\/coi.opolskie.pl\/de\/2017\/10\/10\/cementownia-odra-buduje-zaklad-w-nysie\/\">Cementownia Odra buduje zak\u0142ad w Nysie<\/a><\/li>\n\t\t<li class=\"wsp-post\"><a href=\"https:\/\/coi.opolskie.pl\/de\/2017\/09\/13\/mega-nysa-sprzedana-dla-benalu\/\">Mega Nysa sprzedana dla Benalu<\/a><\/li>\n\t\t<li class=\"wsp-post\"><a href=\"https:\/\/coi.opolskie.pl\/de\/2017\/06\/26\/hongbo-inwestuje-w-dzial-br\/\">Hongbo inwestuje w dzia\u0142 B+R<\/a><\/li>\n\t\t<li class=\"wsp-post\"><a href=\"https:\/\/coi.opolskie.pl\/de\/2017\/03\/29\/rekers-otworzyl-fabryke-w-ujezdzie\/\">Rekers otworzy\u0142 fabryk\u0119 w Uje\u017adzie<\/a><\/li>\n\t\t<li class=\"wsp-post\"><a href=\"https:\/\/coi.opolskie.pl\/de\/2017\/03\/29\/bito-technika-magazynowa-inwestuje-w-gminie-ujazd\/\">BITO Technika Magazynowa inwestuje w gminie Ujazd<\/a><\/li>\n\t\t<li class=\"wsp-post\"><a href=\"https:\/\/coi.opolskie.pl\/de\/2017\/03\/29\/wmurowano-kamien-wegielny-pod-fabryke-hongbo\/\">Hongbo wmurowa\u0142o kamie\u0144 w\u0119gielny<\/a><\/li>\n\t\t<li class=\"wsp-post\"><a href=\"https:\/\/coi.opolskie.pl\/de\/2017\/03\/16\/zapraszamy-na-spotkanie-z-chinskimi-firmami\/\">Zapraszamy na spotkanie z chi\u0144skimi firmami!<\/a><\/li>\n\t\t<li class=\"wsp-post\"><a href=\"https:\/\/coi.opolskie.pl\/de\/2017\/03\/10\/1186\/\">Spotkanie grupy zakupowej energii elektrycznej<\/a><\/li>\n\t\t<li class=\"wsp-post\"><a href=\"https:\/\/coi.opolskie.pl\/de\/2017\/03\/02\/ifa-powertrain-polska-w-ujezdzie-szuka-pracownikow\/\">IFA Powertrain szuka pracownik\u00f3w<\/a><\/li>\n\t\t<li class=\"wsp-post\"><a href=\"https:\/\/coi.opolskie.pl\/de\/2016\/11\/08\/grunt-na-medal-dla-krapkowic\/\">Grunt na medal dla Krapkowic<\/a><\/li>\n\t\t<li class=\"wsp-post\"><a href=\"https:\/\/coi.opolskie.pl\/de\/2016\/07\/29\/henniges-automotive-wchodzi-do-prudnika\/\">Henniges Automotive wchodzi do Prudnika<\/a><\/li>\n\t\t<li class=\"wsp-post\"><a href=\"https:\/\/coi.opolskie.pl\/de\/2015\/12\/01\/770\/\">New HR web site for companies<\/a><\/li>\n<\/ul><\/li>\n<\/ul>\n<\/div>\n","protected":false},"excerpt":{"rendered":"","protected":false},"author":1,"featured_media":0,"parent":0,"menu_order":0,"comment_status":"closed","ping_status":"closed","template":"","meta":{"_acf_changed":false,"_seopress_robots_primary_cat":"","_seopress_titles_title":"","_seopress_titles_desc":"","_seopress_robots_index":"","_seopress_analysis_target_kw":"","footnotes":""},"class_list":["post-3783","page","type-page","status-publish","hentry"],"acf":[],"_links":{"self":[{"href":"https:\/\/coi.opolskie.pl\/de\/wp-json\/wp\/v2\/pages\/3783","targetHints":{"allow":["GET"]}}],"collection":[{"href":"https:\/\/coi.opolskie.pl\/de\/wp-json\/wp\/v2\/pages"}],"about":[{"href":"https:\/\/coi.opolskie.pl\/de\/wp-json\/wp\/v2\/types\/page"}],"author":[{"embeddable":true,"href":"https:\/\/coi.opolskie.pl\/de\/wp-json\/wp\/v2\/users\/1"}],"replies":[{"embeddable":true,"href":"https:\/\/coi.opolskie.pl\/de\/wp-json\/wp\/v2\/comments?post=3783"}],"version-history":[{"count":1,"href":"https:\/\/coi.opolskie.pl\/de\/wp-json\/wp\/v2\/pages\/3783\/revisions"}],"predecessor-version":[{"id":3785,"href":"https:\/\/coi.opolskie.pl\/de\/wp-json\/wp\/v2\/pages\/3783\/revisions\/3785"}],"wp:attachment":[{"href":"https:\/\/coi.opolskie.pl\/de\/wp-json\/wp\/v2\/media?parent=3783"}],"curies":[{"name":"wp","href":"https:\/\/api.w.org\/{rel}","templated":true}]}}