{"id":377,"date":"2015-11-03T08:36:35","date_gmt":"2015-11-03T07:36:35","guid":{"rendered":"https:\/\/coi.opolskie.pl\/?page_id=377"},"modified":"2017-10-05T14:28:55","modified_gmt":"2017-10-05T12:28:55","slug":"technische-infrastruktur","status":"publish","type":"page","link":"https:\/\/coi.opolskie.pl\/de\/technische-infrastruktur\/","title":{"rendered":"Technische Infrastruktur"},"content":{"rendered":"<p><strong>Stra\u00dfen-Kommunikationsnetz<\/strong><\/p>\n<p>Opolskie verf\u00fcgt \u00fcber eines der am besten entwickelten Stra\u00dfennetze im ganzen Land. Die wichtigste Kommunikationsachse der Region ist die Autobahn A4, die das Hauptelement des paneurop\u00e4ischen Transportkorridors zwischen Berlin und Kiew, und in der Zukunft zwischen Br\u00fcssel und Rostow am Don, darstellt.Die Autobahn ist ein Element des Transportsystems, \u00fcber das in S\u00fcdpolen die gr\u00f6\u00dften Mengen an Waren- und Personenverkehr abgewickelt werden. Gleichzeitig sichert es die Kommunikationsleistungsf\u00e4higkeit und die in seiner unmittelbaren N\u00e4he liegenden Gebiete sind sehr attraktiv aus der Sicht der Investoren. Sie sind um die 6 Autobahnverkehrsknoten konzentriert.<br \/>\nDie Region verf\u00fcgt \u00fcber gute Zufahrtsm\u00f6glichkeiten zu der vorhandenen Autobahn A1 (Ostrava-Gdansk) und den sowohl schon existierenden als auch den geplanten Schnellstra\u00dfen S11 und S8.<\/p>\n<p><strong>Eisenbahnkommunikation<\/strong><\/p>\n<p>Das Eisenbahnnetz in der Opolskie-Woiwodschaft bietet das Doppelte an der Dichte der Schienennetze an im Vergleich zu anderen Regionen des Landes. \u00dcber die Region f\u00fchren Eisenbahnlinien, die von ausschlaggebender Bedeutung f\u00fcr die nationale und internationale Kommunikation sind (die Routen Dresden-Moskau, Malm\u00f6-Cha\u0142upki). Dank den durchgef\u00fchrten Modernisierungen erhielt Oppeln einen einfachen Anschluss an Breslau (40 Minuten) und Warschau (3 Stunden). Ein weiterer Ausbau und Modernisierung der Eisenbahnrouten, die eine in Bezug auf die Quantit\u00e4t und das Tempo noch intensivere Bef\u00f6rderung von Passagieren und Waren erm\u00f6glichen, werden geplant.<\/p>\n<p><strong>Luftverkehr<\/strong><\/p>\n<p>Etwa 1-2 Fahrtstunden vom Zentrum Opoles entfernt befinden sich 4 internationale Flugh\u00e4fen. F\u00fcr die meisten Investitionsstandorten dauert \u00a0die Zufahrt zum Flughafen weniger als eine Stunde.<\/p>\n<p>Die am n\u00e4chsten gelegenen kommerziellen Flugh\u00e4fen sind:<\/p>\n<p>Wroc\u0142aw (WRO) \u2013\u00a0 100 km von Oppeln entfernt, Zufahrtszeit 1 h, 1,7 Mio. Passagiere im Jahr, 28 Destinationen &#8211;\u00a0 <a href=\"http:\/\/www.airport.wroclaw.pl\" target=\"_blank\">www.airport.wroclaw.pl<\/a><\/p>\n<p>Katowice (KTW) &#8211;\u00a0 100 km von Oppeln entfernt, Zufahrtszeit 1,5 h, 2,4 Mio. Passagiere im Jahr, \u00a035 Destinationen, <a href=\"http:\/\/www.katowice-airport.com\" target=\"_blank\">www.katowice-airport.com<\/a><\/p>\n<p>Krak\u00f3w (KRK) &#8211;\u00a0 170 km von Oppeln entfernt, Zufahrtszeit 2 h, 2,9 Mio. Passagiere im Jahr, 53 Destinationen, &#8211;\u00a0 <a href=\"http:\/\/www.krakowairport.pl\" target=\"_blank\">www.krakowairport.pl<\/a><\/p>\n<p>Ostrawa (OSR) &#8211;\u00a0 120 km von Oppeln entfernt, Zufahrtszeit 2 h, 0,3 Mio. Passagiere im Jahr, 2 Destinationen, &#8211;\u00a0 <a href=\"http:\/\/www.airport-ostrava.cz\" target=\"_blank\">www.airport-ostrava.cz<\/a><\/p>\n<p>Private Flugh\u00e4fen\/Landepl\u00e4tze: Flughafen in Kamie\u0144 \u015al\u0105ski [www.opole.airport.aero] , Aero-Club von Oppeln \u2013 Polska Nowa Wie\u015b, Landeplatz in Nysa.<\/p>\n<p><strong>Binnenschifffahrt<\/strong><\/p>\n<p>Der Oder-Fluss ist ein nat\u00fcrlicher Verkehrskanal, der parallel zur Autobahn A4 verl\u00e4uft. Bald soll er zum internationaler Binnenschifffahrt-Route werden. Diese ein hohes Potential aufweisende Wasserroute f\u00fchrt \u00fcber die Woiwodschaft, ausgehend von dem Hafen in Ko\u017ale im S\u00fcden der Region bis hin zu Lipki an der Grenze mit der Woiwodschaft Niederschlesien. Eine bedeutende Rolle im Binnenschiffverkehr spielen auch die Kan\u00e4le K\u0119dzierzy\u0144ski und Gliwicki. Der gr\u00f6\u00dfte Hafen befindet sich in K\u0119dzierzyn-Ko\u017ale. Die Baubrbeiten, die die Durchg\u00e4ngigkeit der Oder und die Verbesserung der Schiffbarkeit sichern sollen, dauern an.<\/p>\n<style type=\"text\/css\">\n#foogallery-gallery-328 .fg-image { width: 170px; }\n#foogallery-gallery-328 { --fg-gutter: 10px; }<\/style>\n\t\t\t<div class=\"foogallery foogallery-container foogallery-default foogallery-lightbox-foobox fg-center fg-default fg-ready fg-light fg-border-thin fg-shadow-small fg-loading-default fg-loaded-fade-in fg-hover-fade fg-hover-zoom\" id=\"foogallery-gallery-328\" data-foogallery=\"{&quot;item&quot;:{&quot;showCaptionTitle&quot;:false,&quot;showCaptionDescription&quot;:false},&quot;lazy&quot;:true}\" style=\"--fg-title-line-clamp: 0; --fg-description-line-clamp: 0;\" >\n\t<div class=\"fg-item fg-type-image fg-idle\"><figure class=\"fg-item-inner\"><a href=\"https:\/\/coi.opolskie.pl\/wp-content\/uploads\/2015\/11\/PICT0142.jpg\" data-caption-title=\"KONICA MINOLTA DIGITAL CAMERA\" data-attachment-id=\"3915\" data-type=\"image\" class=\"fg-thumb\"><span class=\"fg-image-wrap\"><img decoding=\"async\" alt=\"Opole z lotu ptaka widok na rzek\u0119 Odr\u0119 oraz Kana\u0142 Ulgi\" title=\"KONICA MINOLTA DIGITAL CAMERA\" width=\"170\" height=\"170\" class=\"skip-lazy fg-image\" data-src-fg=\"https:\/\/coi.opolskie.pl\/wp-content\/uploads\/cache\/2015\/11\/PICT0142\/3295011312.jpg\" src=\"data:image\/svg+xml,%3Csvg%20xmlns%3D%22http%3A%2F%2Fwww.w3.org%2F2000%2Fsvg%22%20width%3D%22170%22%20height%3D%22170%22%20viewBox%3D%220%200%20170%20170%22%3E%3C%2Fsvg%3E\" loading=\"eager\"><\/span><span class=\"fg-image-overlay\"><\/span><\/a><\/figure><div class=\"fg-loader\"><\/div><\/div><div class=\"fg-item fg-type-image fg-idle\"><figure class=\"fg-item-inner\"><a href=\"https:\/\/coi.opolskie.pl\/wp-content\/uploads\/2015\/11\/DSC_0784-kopia.jpg\" data-attachment-id=\"3917\" data-type=\"image\" class=\"fg-thumb\"><span class=\"fg-image-wrap\"><img decoding=\"async\" alt=\"Autostrada A4 - widok zjazdu oraz 4 g\u0142\u00f3wnych pas\u00f3w\" width=\"170\" height=\"170\" class=\"skip-lazy fg-image\" data-src-fg=\"https:\/\/coi.opolskie.pl\/wp-content\/uploads\/cache\/2015\/11\/DSC_0784-kopia\/2285039105.jpg\" src=\"data:image\/svg+xml,%3Csvg%20xmlns%3D%22http%3A%2F%2Fwww.w3.org%2F2000%2Fsvg%22%20width%3D%22170%22%20height%3D%22170%22%20viewBox%3D%220%200%20170%20170%22%3E%3C%2Fsvg%3E\" loading=\"eager\"><\/span><span class=\"fg-image-overlay\"><\/span><\/a><\/figure><div class=\"fg-loader\"><\/div><\/div><div class=\"fg-item fg-type-image fg-idle\"><figure class=\"fg-item-inner\"><a href=\"https:\/\/coi.opolskie.pl\/wp-content\/uploads\/2015\/11\/IMG_6598-kopia.jpg\" data-attachment-id=\"3919\" data-type=\"image\" class=\"fg-thumb\"><span class=\"fg-image-wrap\"><img decoding=\"async\" alt=\"Autostrada A4 - widok zjazdu oraz 4 g\u0142\u00f3wnych pas\u00f3w\" width=\"170\" height=\"170\" class=\"skip-lazy fg-image\" data-src-fg=\"https:\/\/coi.opolskie.pl\/wp-content\/uploads\/cache\/2015\/11\/IMG_6598-kopia\/700586192.jpg\" src=\"data:image\/svg+xml,%3Csvg%20xmlns%3D%22http%3A%2F%2Fwww.w3.org%2F2000%2Fsvg%22%20width%3D%22170%22%20height%3D%22170%22%20viewBox%3D%220%200%20170%20170%22%3E%3C%2Fsvg%3E\" loading=\"eager\"><\/span><span class=\"fg-image-overlay\"><\/span><\/a><\/figure><div class=\"fg-loader\"><\/div><\/div><div class=\"fg-item fg-type-image fg-idle\"><figure class=\"fg-item-inner\"><a href=\"https:\/\/coi.opolskie.pl\/wp-content\/uploads\/2015\/11\/mapa-drogowa-blue.jpg\" data-attachment-id=\"3923\" data-type=\"image\" class=\"fg-thumb\"><span class=\"fg-image-wrap\"><img decoding=\"async\" alt=\"Mapa drogowa\" width=\"170\" height=\"170\" class=\"skip-lazy fg-image\" data-src-fg=\"https:\/\/coi.opolskie.pl\/wp-content\/uploads\/cache\/2015\/11\/mapa-drogowa-blue\/901336197.jpg\" src=\"data:image\/svg+xml,%3Csvg%20xmlns%3D%22http%3A%2F%2Fwww.w3.org%2F2000%2Fsvg%22%20width%3D%22170%22%20height%3D%22170%22%20viewBox%3D%220%200%20170%20170%22%3E%3C%2Fsvg%3E\" loading=\"eager\"><\/span><span class=\"fg-image-overlay\"><\/span><\/a><\/figure><div class=\"fg-loader\"><\/div><\/div><div class=\"fg-item fg-type-image fg-idle\"><figure class=\"fg-item-inner\"><a href=\"https:\/\/coi.opolskie.pl\/wp-content\/uploads\/2015\/11\/mapa.jpg\" data-attachment-id=\"3925\" data-type=\"image\" class=\"fg-thumb\"><span class=\"fg-image-wrap\"><img decoding=\"async\" alt=\"mapa\" width=\"170\" height=\"170\" class=\"skip-lazy fg-image\" data-src-fg=\"https:\/\/coi.opolskie.pl\/wp-content\/uploads\/cache\/2015\/11\/mapa\/1592041620.jpg\" src=\"data:image\/svg+xml,%3Csvg%20xmlns%3D%22http%3A%2F%2Fwww.w3.org%2F2000%2Fsvg%22%20width%3D%22170%22%20height%3D%22170%22%20viewBox%3D%220%200%20170%20170%22%3E%3C%2Fsvg%3E\" loading=\"eager\"><\/span><span class=\"fg-image-overlay\"><\/span><\/a><\/figure><div class=\"fg-loader\"><\/div><\/div><\/div>\n\n","protected":false},"excerpt":{"rendered":"<p>Stra\u00dfen-Kommunikationsnetz Opolskie verf\u00fcgt \u00fcber eines der am besten entwickelten Stra\u00dfennetze im ganzen Land. Die wichtigste Kommunikationsachse der Region ist die [&hellip;]<\/p>\n","protected":false},"author":1,"featured_media":0,"parent":0,"menu_order":0,"comment_status":"closed","ping_status":"closed","template":"sub-page-sidebar.php","meta":{"_acf_changed":false,"_seopress_robots_primary_cat":"","_seopress_titles_title":"","_seopress_titles_desc":"","_seopress_robots_index":"","footnotes":""},"class_list":["post-377","page","type-page","status-publish","hentry"],"acf":[],"_links":{"self":[{"href":"https:\/\/coi.opolskie.pl\/de\/wp-json\/wp\/v2\/pages\/377","targetHints":{"allow":["GET"]}}],"collection":[{"href":"https:\/\/coi.opolskie.pl\/de\/wp-json\/wp\/v2\/pages"}],"about":[{"href":"https:\/\/coi.opolskie.pl\/de\/wp-json\/wp\/v2\/types\/page"}],"author":[{"embeddable":true,"href":"https:\/\/coi.opolskie.pl\/de\/wp-json\/wp\/v2\/users\/1"}],"replies":[{"embeddable":true,"href":"https:\/\/coi.opolskie.pl\/de\/wp-json\/wp\/v2\/comments?post=377"}],"version-history":[{"count":3,"href":"https:\/\/coi.opolskie.pl\/de\/wp-json\/wp\/v2\/pages\/377\/revisions"}],"predecessor-version":[{"id":1563,"href":"https:\/\/coi.opolskie.pl\/de\/wp-json\/wp\/v2\/pages\/377\/revisions\/1563"}],"wp:attachment":[{"href":"https:\/\/coi.opolskie.pl\/de\/wp-json\/wp\/v2\/media?parent=377"}],"curies":[{"name":"wp","href":"https:\/\/api.w.org\/{rel}","templated":true}]}}