{"id":374,"date":"2015-11-03T08:33:57","date_gmt":"2015-11-03T07:33:57","guid":{"rendered":"https:\/\/coi.opolskie.pl\/?page_id=374"},"modified":"2023-05-10T11:19:27","modified_gmt":"2023-05-10T09:19:27","slug":"regionale-wirtschaft","status":"publish","type":"page","link":"https:\/\/coi.opolskie.pl\/de\/regionale-wirtschaft\/","title":{"rendered":"Regionale Wirtschaft"},"content":{"rendered":"<p>Die Wirtschaftliche Struktur ist durch Branchendiversifizierung gekennzeichnet. Die wichtigsten Sektoren der regionalen Wirtschaft sind: Land- und Nahrungsmittelwirtschaft, Metall- und Maschinenindustrie, Autoindustrie, chemische Industrie, M\u00f6bel- und Energieindustrie. Die Listen potenzieller Subunternehmer wurden im Rahmen der Bearbeitung von Sektoren mit hohen Chancen zusammengestellt.<\/p>\n<p>Die industriellen Zentren der Region sind Oppeln (Lebensmittelindustrie, Metall- und Maschinenindustrie, Autoindustrie, BPO), K\u0119dzierzyn-Ko\u017ale (chemische Industrie, Metallindustrie, Kunststoffindustrie), Nysa (Lebensmittelindustrie, Metallindustrie, Autoindustrie), Brzeg (Lebensmittelindustrie, Verpackungen).<\/p>\n<p>Der h\u00f6chste Anteil an Firmen sind KMUs, wobei der Schwerpunkt auf den Kleinstunternehmen liegt. Zu den gr\u00f6\u00dften Firmen in der Region, die ca. 1000 Mitarbeiter einstellen, geh\u00f6ren Azoty Gruppe, A.Berger (K\u0119dzierzyn-Ko\u017ale), We Wire (Strzelce Opolskie), Adient, Mondelez, Donaldson (Skarbimierz),\u00a0 Velux,\u00a0 Diehl Controls (Namys\u0142\u00f3w), Neapco (Praszka), Danone Nestle, Hart, Animex, Selt (Opole),\u00a0 Otmuch\u00f3w\u00a0 Gruppe (Otmuch\u00f3w-Nysa), All Windows (Nysa).<\/p>\n<p>&nbsp;<\/p>\n<style type=\"text\/css\">\n#foogallery-gallery-684 .fg-image { width: 170px; }\n#foogallery-gallery-684 { --fg-gutter: 10px; }<\/style>\n\t\t\t<div class=\"foogallery foogallery-container foogallery-default foogallery-lightbox-foobox fg-center fg-default fg-ready fg-light fg-border-thin fg-shadow-small fg-loading-default fg-loaded-fade-in fg-hover-fade fg-hover-zoom\" id=\"foogallery-gallery-684\" data-foogallery=\"{&quot;item&quot;:{&quot;showCaptionTitle&quot;:false,&quot;showCaptionDescription&quot;:false},&quot;lazy&quot;:true}\" style=\"--fg-title-line-clamp: 0; --fg-description-line-clamp: 0;\" >\n\t<div class=\"fg-item fg-type-image fg-idle\"><figure class=\"fg-item-inner\"><a href=\"https:\/\/coi.opolskie.pl\/wp-content\/uploads\/2015\/11\/bot_2.jpg\" data-attachment-id=\"685\" data-type=\"image\" class=\"fg-thumb\"><span class=\"fg-image-wrap\"><img decoding=\"async\" width=\"170\" height=\"170\" class=\"skip-lazy fg-image\" data-src-fg=\"https:\/\/coi.opolskie.pl\/wp-content\/uploads\/cache\/2015\/11\/bot_2\/509839380.jpg\" src=\"data:image\/svg+xml,%3Csvg%20xmlns%3D%22http%3A%2F%2Fwww.w3.org%2F2000%2Fsvg%22%20width%3D%22170%22%20height%3D%22170%22%20viewBox%3D%220%200%20170%20170%22%3E%3C%2Fsvg%3E\" loading=\"eager\"><\/span><span class=\"fg-image-overlay\"><\/span><\/a><\/figure><div class=\"fg-loader\"><\/div><\/div><div class=\"fg-item fg-type-image fg-idle\"><figure class=\"fg-item-inner\"><a href=\"https:\/\/coi.opolskie.pl\/wp-content\/uploads\/2015\/11\/gorazdze2.jpg\" data-attachment-id=\"686\" data-type=\"image\" class=\"fg-thumb\"><span class=\"fg-image-wrap\"><img decoding=\"async\" width=\"170\" height=\"170\" class=\"skip-lazy fg-image\" data-src-fg=\"https:\/\/coi.opolskie.pl\/wp-content\/uploads\/cache\/2015\/11\/gorazdze2\/2420237714.jpg\" src=\"data:image\/svg+xml,%3Csvg%20xmlns%3D%22http%3A%2F%2Fwww.w3.org%2F2000%2Fsvg%22%20width%3D%22170%22%20height%3D%22170%22%20viewBox%3D%220%200%20170%20170%22%3E%3C%2Fsvg%3E\" loading=\"eager\"><\/span><span class=\"fg-image-overlay\"><\/span><\/a><\/figure><div class=\"fg-loader\"><\/div><\/div><div class=\"fg-item fg-type-image fg-idle\"><figure class=\"fg-item-inner\"><a href=\"https:\/\/coi.opolskie.pl\/wp-content\/uploads\/2015\/11\/WIC_5093o-kopia.jpg\" data-attachment-id=\"343\" data-type=\"image\" class=\"fg-thumb\"><span class=\"fg-image-wrap\"><img decoding=\"async\" width=\"170\" height=\"170\" class=\"skip-lazy fg-image\" data-src-fg=\"https:\/\/coi.opolskie.pl\/wp-content\/uploads\/cache\/2015\/11\/WIC_5093o-kopia\/3684562529.jpg\" src=\"data:image\/svg+xml,%3Csvg%20xmlns%3D%22http%3A%2F%2Fwww.w3.org%2F2000%2Fsvg%22%20width%3D%22170%22%20height%3D%22170%22%20viewBox%3D%220%200%20170%20170%22%3E%3C%2Fsvg%3E\" loading=\"eager\"><\/span><span class=\"fg-image-overlay\"><\/span><\/a><\/figure><div class=\"fg-loader\"><\/div><\/div><div class=\"fg-item fg-type-image fg-idle\"><figure class=\"fg-item-inner\"><a href=\"https:\/\/coi.opolskie.pl\/wp-content\/uploads\/2015\/11\/WIC_5043-kopia-e1525246313447.jpg\" data-attachment-id=\"342\" data-type=\"image\" class=\"fg-thumb\"><span class=\"fg-image-wrap\"><img decoding=\"async\" width=\"170\" height=\"170\" class=\"skip-lazy fg-image\" data-src-fg=\"https:\/\/coi.opolskie.pl\/wp-content\/uploads\/cache\/2015\/11\/WIC_5043-kopia-e1525246313447\/4027593899.jpg\" src=\"data:image\/svg+xml,%3Csvg%20xmlns%3D%22http%3A%2F%2Fwww.w3.org%2F2000%2Fsvg%22%20width%3D%22170%22%20height%3D%22170%22%20viewBox%3D%220%200%20170%20170%22%3E%3C%2Fsvg%3E\" loading=\"eager\"><\/span><span class=\"fg-image-overlay\"><\/span><\/a><\/figure><div class=\"fg-loader\"><\/div><\/div><div class=\"fg-item fg-type-image fg-idle\"><figure class=\"fg-item-inner\"><a href=\"https:\/\/coi.opolskie.pl\/wp-content\/uploads\/2015\/11\/WIC3871-kopia.jpg\" data-attachment-id=\"264\" data-type=\"image\" class=\"fg-thumb\"><span class=\"fg-image-wrap\"><img decoding=\"async\" width=\"170\" height=\"170\" class=\"skip-lazy fg-image\" data-src-fg=\"https:\/\/coi.opolskie.pl\/wp-content\/uploads\/cache\/2015\/11\/WIC3871-kopia\/957247678.jpg\" src=\"data:image\/svg+xml,%3Csvg%20xmlns%3D%22http%3A%2F%2Fwww.w3.org%2F2000%2Fsvg%22%20width%3D%22170%22%20height%3D%22170%22%20viewBox%3D%220%200%20170%20170%22%3E%3C%2Fsvg%3E\" loading=\"eager\"><\/span><span class=\"fg-image-overlay\"><\/span><\/a><\/figure><div class=\"fg-loader\"><\/div><\/div><div class=\"fg-item fg-type-image fg-idle\"><figure class=\"fg-item-inner\"><a href=\"https:\/\/coi.opolskie.pl\/wp-content\/uploads\/2015\/11\/maszyny_1.jpg\" data-attachment-id=\"693\" data-type=\"image\" class=\"fg-thumb\"><span class=\"fg-image-wrap\"><img decoding=\"async\" width=\"170\" height=\"170\" class=\"skip-lazy fg-image\" data-src-fg=\"https:\/\/coi.opolskie.pl\/wp-content\/uploads\/cache\/2015\/11\/maszyny_1\/4132098384.jpg\" src=\"data:image\/svg+xml,%3Csvg%20xmlns%3D%22http%3A%2F%2Fwww.w3.org%2F2000%2Fsvg%22%20width%3D%22170%22%20height%3D%22170%22%20viewBox%3D%220%200%20170%20170%22%3E%3C%2Fsvg%3E\" loading=\"eager\"><\/span><span class=\"fg-image-overlay\"><\/span><\/a><\/figure><div class=\"fg-loader\"><\/div><\/div><div class=\"fg-item fg-type-image fg-idle\"><figure class=\"fg-item-inner\"><a href=\"https:\/\/coi.opolskie.pl\/wp-content\/uploads\/2015\/11\/zdzieszowice_4.jpg\" data-attachment-id=\"694\" data-type=\"image\" class=\"fg-thumb\"><span class=\"fg-image-wrap\"><img decoding=\"async\" width=\"170\" height=\"170\" class=\"skip-lazy fg-image\" data-src-fg=\"https:\/\/coi.opolskie.pl\/wp-content\/uploads\/cache\/2015\/11\/zdzieszowice_4\/2787507652.jpg\" src=\"data:image\/svg+xml,%3Csvg%20xmlns%3D%22http%3A%2F%2Fwww.w3.org%2F2000%2Fsvg%22%20width%3D%22170%22%20height%3D%22170%22%20viewBox%3D%220%200%20170%20170%22%3E%3C%2Fsvg%3E\" loading=\"eager\"><\/span><span class=\"fg-image-overlay\"><\/span><\/a><\/figure><div class=\"fg-loader\"><\/div><\/div><\/div>\n\n","protected":false},"excerpt":{"rendered":"<p>Die Wirtschaftliche Struktur ist durch Branchendiversifizierung gekennzeichnet. Die wichtigsten Sektoren der regionalen Wirtschaft sind: Land- und Nahrungsmittelwirtschaft, Metall- und Maschinenindustrie, [&hellip;]<\/p>\n","protected":false},"author":1,"featured_media":0,"parent":0,"menu_order":0,"comment_status":"closed","ping_status":"closed","template":"sub-page-sidebar.php","meta":{"_acf_changed":false,"_seopress_robots_primary_cat":"","_seopress_titles_title":"","_seopress_titles_desc":"","_seopress_robots_index":"","_seopress_analysis_target_kw":"","footnotes":""},"class_list":["post-374","page","type-page","status-publish","hentry"],"acf":[],"_links":{"self":[{"href":"https:\/\/coi.opolskie.pl\/de\/wp-json\/wp\/v2\/pages\/374","targetHints":{"allow":["GET"]}}],"collection":[{"href":"https:\/\/coi.opolskie.pl\/de\/wp-json\/wp\/v2\/pages"}],"about":[{"href":"https:\/\/coi.opolskie.pl\/de\/wp-json\/wp\/v2\/types\/page"}],"author":[{"embeddable":true,"href":"https:\/\/coi.opolskie.pl\/de\/wp-json\/wp\/v2\/users\/1"}],"replies":[{"embeddable":true,"href":"https:\/\/coi.opolskie.pl\/de\/wp-json\/wp\/v2\/comments?post=374"}],"version-history":[{"count":8,"href":"https:\/\/coi.opolskie.pl\/de\/wp-json\/wp\/v2\/pages\/374\/revisions"}],"predecessor-version":[{"id":4161,"href":"https:\/\/coi.opolskie.pl\/de\/wp-json\/wp\/v2\/pages\/374\/revisions\/4161"}],"wp:attachment":[{"href":"https:\/\/coi.opolskie.pl\/de\/wp-json\/wp\/v2\/media?parent=374"}],"curies":[{"name":"wp","href":"https:\/\/api.w.org\/{rel}","templated":true}]}}