{"id":372,"date":"2015-11-03T08:32:57","date_gmt":"2015-11-03T07:32:57","guid":{"rendered":"https:\/\/coi.opolskie.pl\/?page_id=372"},"modified":"2017-10-06T10:16:51","modified_gmt":"2017-10-06T08:16:51","slug":"lokalisierung","status":"publish","type":"page","link":"https:\/\/coi.opolskie.pl\/de\/lokalisierung\/","title":{"rendered":"Lokalisierung"},"content":{"rendered":"<p>Die g\u00fcnstige Lokalisierung in der N\u00e4he von wichtigen Kommunikationsnetzen die Polen mit Frankreich, Deutschland, den Benelux-L\u00e4ndern und mit der Ukraine verbinden, unmittelbare Nachbarschaft der Tschechischen Republik.<\/p>\n<p><strong>Autobahn A4 <\/strong>f\u00fchrt durch die ganze Woiwodschaft und ist mit dem gut entwickelten Stra\u00dfennetz verbunden, \u00a0\u00a0Autobahn A1 \u2013 20 km. N\u00e4he zu den Schnellstra\u00dfen S 8 und S 11.<\/p>\n<p><strong>Ein ausgebautes Eisenbahnnetz, <\/strong>das die Ost-West-Magistrale umfasst, die voraussichtlich in das europ\u00e4ische Eisenbahnverkehrssystem aufgenommen wird. N\u00e4he zur LHS-Breitspurbahnlinie.<\/p>\n<p><strong>Eine Binnenschifffahrt-Route \u00a0<\/strong>von internationaler Bedeutung an der Oder.<\/p>\n<p><strong>Tiefwasser-Containerterminal <\/strong>\u2013 DCT Gda\u0144sk (550 km)<\/p>\n<p><strong>Internationale Flugh\u00e4fen <\/strong>in Wroc\u0142aw, Katowice, Ostrawa und Krak\u00f3w.<\/p>\n<p><strong>Private Flugh\u00e4fen\/Landepl\u00e4tze<\/strong> f\u00fcr Charterfl\u00fcge in Kamie\u0144 \u015al\u0105ski, Polska Nowa Wie\u015b, Nysa.<\/p>\n<p>&nbsp;<\/p>\n<div id=\"attachment_576\" style=\"width: 214px\" class=\"wp-caption alignleft\"><a href=\"https:\/\/coi.opolskie.pl\/wp-content\/uploads\/2015\/11\/mapa-drogowa-blue.jpg\" target=\"_blank\"><img loading=\"lazy\" decoding=\"async\" aria-describedby=\"caption-attachment-576\" class=\"wp-image-576\" title=\"Opolskie\" src=\"https:\/\/coi.opolskie.pl\/wp-content\/uploads\/2015\/11\/mapa-drogowa-blue-277x300.jpg\" alt=\"\" width=\"204\" height=\"221\" srcset=\"https:\/\/coi.opolskie.pl\/wp-content\/uploads\/2015\/11\/mapa-drogowa-blue-277x300.jpg 277w, https:\/\/coi.opolskie.pl\/wp-content\/uploads\/2015\/11\/mapa-drogowa-blue.jpg 946w\" sizes=\"auto, (max-width: 204px) 100vw, 204px\" \/><\/a><p id=\"caption-attachment-576\" class=\"wp-caption-text\">Opolskie<\/p><\/div>\n<div id=\"attachment_577\" style=\"width: 310px\" class=\"wp-caption alignleft\"><a href=\"https:\/\/coi.opolskie.pl\/wp-content\/uploads\/2015\/11\/mapa.jpg\"><img loading=\"lazy\" decoding=\"async\" aria-describedby=\"caption-attachment-577\" class=\"wp-image-577 size-medium\" title=\"Poland\" src=\"https:\/\/coi.opolskie.pl\/wp-content\/uploads\/2015\/11\/mapa-300x222.jpg\" alt=\"mapa\" width=\"300\" height=\"222\" srcset=\"https:\/\/coi.opolskie.pl\/wp-content\/uploads\/2015\/11\/mapa-300x222.jpg 300w, https:\/\/coi.opolskie.pl\/wp-content\/uploads\/2015\/11\/mapa.jpg 1024w\" sizes=\"auto, (max-width: 300px) 100vw, 300px\" \/><\/a><p id=\"caption-attachment-577\" class=\"wp-caption-text\">Poland<\/p><\/div>\n","protected":false},"excerpt":{"rendered":"<p>Die g\u00fcnstige Lokalisierung in der N\u00e4he von wichtigen Kommunikationsnetzen die Polen mit Frankreich, Deutschland, den Benelux-L\u00e4ndern und mit der Ukraine [&hellip;]<\/p>\n","protected":false},"author":1,"featured_media":0,"parent":0,"menu_order":0,"comment_status":"closed","ping_status":"closed","template":"sub-page-sidebar.php","meta":{"_acf_changed":false,"_seopress_robots_primary_cat":"","_seopress_titles_title":"","_seopress_titles_desc":"","_seopress_robots_index":"","footnotes":""},"class_list":["post-372","page","type-page","status-publish","hentry"],"acf":[],"_links":{"self":[{"href":"https:\/\/coi.opolskie.pl\/de\/wp-json\/wp\/v2\/pages\/372","targetHints":{"allow":["GET"]}}],"collection":[{"href":"https:\/\/coi.opolskie.pl\/de\/wp-json\/wp\/v2\/pages"}],"about":[{"href":"https:\/\/coi.opolskie.pl\/de\/wp-json\/wp\/v2\/types\/page"}],"author":[{"embeddable":true,"href":"https:\/\/coi.opolskie.pl\/de\/wp-json\/wp\/v2\/users\/1"}],"replies":[{"embeddable":true,"href":"https:\/\/coi.opolskie.pl\/de\/wp-json\/wp\/v2\/comments?post=372"}],"version-history":[{"count":7,"href":"https:\/\/coi.opolskie.pl\/de\/wp-json\/wp\/v2\/pages\/372\/revisions"}],"predecessor-version":[{"id":1586,"href":"https:\/\/coi.opolskie.pl\/de\/wp-json\/wp\/v2\/pages\/372\/revisions\/1586"}],"wp:attachment":[{"href":"https:\/\/coi.opolskie.pl\/de\/wp-json\/wp\/v2\/media?parent=372"}],"curies":[{"name":"wp","href":"https:\/\/api.w.org\/{rel}","templated":true}]}}