{"id":369,"date":"2015-11-03T08:31:43","date_gmt":"2015-11-03T07:31:43","guid":{"rendered":"https:\/\/coi.opolskie.pl\/?page_id=369"},"modified":"2023-08-22T13:04:49","modified_gmt":"2023-08-22T11:04:49","slug":"flache-einwohner","status":"publish","type":"page","link":"https:\/\/coi.opolskie.pl\/de\/flache-einwohner\/","title":{"rendered":"Fl\u00e4che, Einwohner"},"content":{"rendered":"<p>Das wichtigste Merkmal der Woiwodschaft Opolskie (Opole\/Oppeln) ist ihre Wirtschaftlichkeit. Opolskie ist auch Region, die wesentlich europ\u00e4ischer ist als andere Regionen Polens. Das heutige Bild der Region ist von der Geschichte der polnischen, tschechischen und deutschen Grenzgebiete mitgestaltet worden. Menschen, die hier seit mehreren Generationen leben, sind ihrer Tradition sehr verhaftet und arbeiten harmonisch f\u00fcr die Entwicklung ihrer kleinen Heimat zusammen. Aus der kulturellen Vielfalt ergibt sich das Reichtum an Erfahrungen der Woiwodschaft-Bewohner, deren Toleranz und Weltoffenheit, was in Verbindung mit ihrer T\u00fcchtigkeit und Mobilit\u00e4t das beste Kapital f\u00fcr jeden Arbeitgeber darstellt.<\/p>\n<p>Die Regional- und Lokalbeh\u00f6rden liefern seit Jahren zahlreiche Beweise daf\u00fcr, mit Geld gut umgehen zu k\u00f6nnen, indem sie in moderne Infrastruktur investieren. Um die A4-Autobahn herum sind attraktive Investitionsgebiete entstanden und die Hauptstadt Opole ist die sich am dynamischsten entwickelnden Universit\u00e4tsstadt in Polen. Die Regionalbeh\u00f6rden\u00a0 schaffen nicht nur immer bessere Bedingungen zum Leben und zur Freizeitgestaltung, sondern vielmehr unterst\u00fctzen sie die Aktivit\u00e4ten derjenigen, die zur Erh\u00f6hung unseres wirtschaftlichen Potentials beitragen. Opolskie z\u00e4hlt zu denjenigen polnischen Woiwodschaften, in denen das ausl\u00e4ndische Kapital auf die g\u00fcnstigsten Rahmenbedingungen f\u00fcr Investitionen st\u00f6\u00dft. \u00a0Die meisten Firmen mit ausl\u00e4ndischem Kapital, die die Vorteile unserer Region zu sch\u00e4tzen wissen, kommen aus Deutschland, Holland, Belgien, Japan, S\u00fcdkorea, \u00d6sterreich und Italien.<\/p>\n<p>Hauptstadt der Woiwodschaft \u2013 Oppeln<\/p>\n<p>Bewohnerzahl \u2013 942 000<\/p>\n<p>Administrative Unterteilung:<\/p>\n<p>Landkreise \u2013 11<\/p>\n<p>Gemeinden \u2013 71<\/p>\n","protected":false},"excerpt":{"rendered":"<p>Das wichtigste Merkmal der Woiwodschaft Opolskie (Opole\/Oppeln) ist ihre Wirtschaftlichkeit. Opolskie ist auch Region, die wesentlich europ\u00e4ischer ist als andere [&hellip;]<\/p>\n","protected":false},"author":1,"featured_media":0,"parent":0,"menu_order":0,"comment_status":"closed","ping_status":"closed","template":"sub-page-sidebar.php","meta":{"_acf_changed":false,"_seopress_robots_primary_cat":"","_seopress_titles_title":"","_seopress_titles_desc":"","_seopress_robots_index":"","footnotes":""},"class_list":["post-369","page","type-page","status-publish","hentry"],"acf":[],"_links":{"self":[{"href":"https:\/\/coi.opolskie.pl\/de\/wp-json\/wp\/v2\/pages\/369","targetHints":{"allow":["GET"]}}],"collection":[{"href":"https:\/\/coi.opolskie.pl\/de\/wp-json\/wp\/v2\/pages"}],"about":[{"href":"https:\/\/coi.opolskie.pl\/de\/wp-json\/wp\/v2\/types\/page"}],"author":[{"embeddable":true,"href":"https:\/\/coi.opolskie.pl\/de\/wp-json\/wp\/v2\/users\/1"}],"replies":[{"embeddable":true,"href":"https:\/\/coi.opolskie.pl\/de\/wp-json\/wp\/v2\/comments?post=369"}],"version-history":[{"count":5,"href":"https:\/\/coi.opolskie.pl\/de\/wp-json\/wp\/v2\/pages\/369\/revisions"}],"predecessor-version":[{"id":4393,"href":"https:\/\/coi.opolskie.pl\/de\/wp-json\/wp\/v2\/pages\/369\/revisions\/4393"}],"wp:attachment":[{"href":"https:\/\/coi.opolskie.pl\/de\/wp-json\/wp\/v2\/media?parent=369"}],"curies":[{"name":"wp","href":"https:\/\/api.w.org\/{rel}","templated":true}]}}